{"id":9213,"date":"2024-04-30T17:05:11","date_gmt":"2024-04-30T09:05:11","guid":{"rendered":"https:\/\/ruidapacking.com\/?post_type=product&#038;p=9213"},"modified":"2026-01-22T20:59:48","modified_gmt":"2026-01-22T12:59:48","slug":"tablet-making-machine-manufacturer","status":"publish","type":"product","link":"https:\/\/ruidapacking.com\/vi\/product\/tablet-making-machine-manufacturer\/","title":{"rendered":"Nh\u00e0 s\u1ea3n xu\u1ea5t m\u00e1y l\u00e0m vi\u00ean n\u00e9n"},"content":{"rendered":"","protected":false},"excerpt":{"rendered":"<p>Nh\u00e0 s\u1ea3n xu\u1ea5t m\u00e1y l\u00e0m vi\u00ean n\u00e9n c\u00f3 th\u1ec3 \u00e9p b\u1ed9t, h\u1ea1t v\u00e0 vi\u00ean th\u00e0nh nhi\u1ec1u lo\u1ea1i vi\u00ean n\u00e9n kh\u00e1c nhau, \u0111\u01b0\u1ee3c s\u1eed d\u1ee5ng r\u1ed9ng r\u00e3i trong ng\u00e0nh d\u01b0\u1ee3c ph\u1ea9m, th\u1ef1c ph\u1ea9m v\u00e0 h\u00f3a ch\u1ea5t.<\/p>","protected":false},"featured_media":12292,"template":"","meta":{"_sitemap_exclude":false,"_sitemap_priority":"","_sitemap_frequency":""},"product_categories":[40],"class_list":["post-9213","product","type-product","status-publish","has-post-thumbnail","hentry","product_categories-all-tablet-press-machine"],"acf":[],"_links":{"self":[{"href":"https:\/\/ruidapacking.com\/vi\/wp-json\/wp\/v2\/product\/9213","targetHints":{"allow":["GET"]}}],"collection":[{"href":"https:\/\/ruidapacking.com\/vi\/wp-json\/wp\/v2\/product"}],"about":[{"href":"https:\/\/ruidapacking.com\/vi\/wp-json\/wp\/v2\/types\/product"}],"wp:featuredmedia":[{"embeddable":true,"href":"https:\/\/ruidapacking.com\/vi\/wp-json\/wp\/v2\/media\/12292"}],"wp:attachment":[{"href":"https:\/\/ruidapacking.com\/vi\/wp-json\/wp\/v2\/media?parent=9213"}],"wp:term":[{"taxonomy":"product_categories","embeddable":true,"href":"https:\/\/ruidapacking.com\/vi\/wp-json\/wp\/v2\/product_categories?post=9213"}],"curies":[{"name":"wp","href":"https:\/\/api.w.org\/{rel}","templated":true}]}}