{"id":9209,"date":"2024-04-30T16:35:59","date_gmt":"2024-04-30T08:35:59","guid":{"rendered":"https:\/\/ruidapacking.com\/?post_type=product&#038;p=9209"},"modified":"2025-06-03T11:06:31","modified_gmt":"2025-06-03T03:06:31","slug":"capsules-manufacturing-machines","status":"publish","type":"product","link":"https:\/\/ruidapacking.com\/vi\/product\/capsules-manufacturing-machines\/","title":{"rendered":"M\u00e1y s\u1ea3n xu\u1ea5t vi\u00ean nang"},"content":{"rendered":"","protected":false},"excerpt":{"rendered":"<p>Vi\u1ec7c chu\u1ea9n b\u1ecb m\u00e1y s\u1ea3n xu\u1ea5t vi\u00ean nang tr\u01b0\u1edbc khi b\u1eaft \u0111\u1ea7u bao g\u1ed3m nhi\u1ec1u b\u01b0\u1edbc \u0111\u1ec3 \u0111\u1ea3m b\u1ea3o vi\u1ec7c chi\u1ebft vi\u00ean nang hi\u1ec7u qu\u1ea3 v\u00e0 ch\u00ednh x\u00e1c.<\/p>","protected":false},"featured_media":12750,"template":"","meta":{"_sitemap_exclude":false,"_sitemap_priority":"","_sitemap_frequency":""},"product_categories":[37],"class_list":["post-9209","product","type-product","status-publish","has-post-thumbnail","hentry","product_categories-all-automatic-capsule-filling-machine"],"acf":[],"_links":{"self":[{"href":"https:\/\/ruidapacking.com\/vi\/wp-json\/wp\/v2\/product\/9209","targetHints":{"allow":["GET"]}}],"collection":[{"href":"https:\/\/ruidapacking.com\/vi\/wp-json\/wp\/v2\/product"}],"about":[{"href":"https:\/\/ruidapacking.com\/vi\/wp-json\/wp\/v2\/types\/product"}],"wp:featuredmedia":[{"embeddable":true,"href":"https:\/\/ruidapacking.com\/vi\/wp-json\/wp\/v2\/media\/12750"}],"wp:attachment":[{"href":"https:\/\/ruidapacking.com\/vi\/wp-json\/wp\/v2\/media?parent=9209"}],"wp:term":[{"taxonomy":"product_categories","embeddable":true,"href":"https:\/\/ruidapacking.com\/vi\/wp-json\/wp\/v2\/product_categories?post=9209"}],"curies":[{"name":"wp","href":"https:\/\/api.w.org\/{rel}","templated":true}]}}