{"id":9203,"date":"2024-04-26T22:38:31","date_gmt":"2024-04-26T14:38:31","guid":{"rendered":"https:\/\/ruidapacking.com\/?post_type=product&#038;p=9203"},"modified":"2024-12-06T14:58:32","modified_gmt":"2024-12-06T06:58:32","slug":"medicine-tablet-making-machine","status":"publish","type":"product","link":"https:\/\/ruidapacking.com\/vi\/product\/medicine-tablet-making-machine\/","title":{"rendered":"M\u00e1y l\u00e0m vi\u00ean thu\u1ed1c"},"content":{"rendered":"","protected":false},"excerpt":{"rendered":"<p>M\u00e1y l\u00e0m vi\u00ean thu\u1ed1c \u0111\u01b0\u1ee3c s\u1eed d\u1ee5ng \u0111\u1ec3 n\u00e9n c\u00e1c th\u00e0nh ph\u1ea7n d\u1ea1ng b\u1ed9t th\u00e0nh vi\u00ean n\u00e9n. Cho b\u1ed9t ho\u1eb7c h\u1ea1t v\u00e0o b\u1ed9 ph\u1eadn n\u1ea1p li\u1ec7u, n\u00e9n b\u1ed9t th\u00e0nh vi\u00ean n\u00e9n.<\/p>","protected":false},"featured_media":12786,"template":"","meta":{"_sitemap_exclude":false,"_sitemap_priority":"","_sitemap_frequency":""},"product_categories":[40],"class_list":["post-9203","product","type-product","status-publish","has-post-thumbnail","hentry","product_categories-all-tablet-press-machine"],"acf":[],"_links":{"self":[{"href":"https:\/\/ruidapacking.com\/vi\/wp-json\/wp\/v2\/product\/9203","targetHints":{"allow":["GET"]}}],"collection":[{"href":"https:\/\/ruidapacking.com\/vi\/wp-json\/wp\/v2\/product"}],"about":[{"href":"https:\/\/ruidapacking.com\/vi\/wp-json\/wp\/v2\/types\/product"}],"wp:featuredmedia":[{"embeddable":true,"href":"https:\/\/ruidapacking.com\/vi\/wp-json\/wp\/v2\/media\/12786"}],"wp:attachment":[{"href":"https:\/\/ruidapacking.com\/vi\/wp-json\/wp\/v2\/media?parent=9203"}],"wp:term":[{"taxonomy":"product_categories","embeddable":true,"href":"https:\/\/ruidapacking.com\/vi\/wp-json\/wp\/v2\/product_categories?post=9203"}],"curies":[{"name":"wp","href":"https:\/\/api.w.org\/{rel}","templated":true}]}}