{"id":9202,"date":"2024-04-26T22:33:22","date_gmt":"2024-04-26T14:33:22","guid":{"rendered":"https:\/\/ruidapacking.com\/?post_type=product&#038;p=9202"},"modified":"2025-03-12T20:50:07","modified_gmt":"2025-03-12T12:50:07","slug":"tablet-pill-capsule-counter-counting-machine","status":"publish","type":"product","link":"https:\/\/ruidapacking.com\/vi\/product\/tablet-pill-capsule-counter-counting-machine\/","title":{"rendered":"M\u00e1y \u0111\u1ebfm vi\u00ean thu\u1ed1c, vi\u00ean nang, vi\u00ean n\u00e9n"},"content":{"rendered":"","protected":false},"excerpt":{"rendered":"<p>M\u00e1y \u0111\u1ebfm vi\u00ean thu\u1ed1c, vi\u00ean nang \u0111\u00e3 tr\u1edf th\u00e0nh thi\u1ebft b\u1ecb kh\u00f4ng th\u1ec3 thi\u1ebfu \u0111\u1ec3 \u0111\u1ea3m b\u1ea3o \u0111\u1ed9 ch\u00ednh x\u00e1c, tu\u00e2n th\u1ee7 v\u00e0 hi\u1ec7u qu\u1ea3. <\/p>","protected":false},"featured_media":13495,"template":"","meta":{"_sitemap_exclude":false,"_sitemap_priority":"","_sitemap_frequency":""},"product_categories":[42],"class_list":["post-9202","product","type-product","status-publish","has-post-thumbnail","hentry","product_categories-all-automatic-counting-machine"],"acf":[],"_links":{"self":[{"href":"https:\/\/ruidapacking.com\/vi\/wp-json\/wp\/v2\/product\/9202","targetHints":{"allow":["GET"]}}],"collection":[{"href":"https:\/\/ruidapacking.com\/vi\/wp-json\/wp\/v2\/product"}],"about":[{"href":"https:\/\/ruidapacking.com\/vi\/wp-json\/wp\/v2\/types\/product"}],"wp:featuredmedia":[{"embeddable":true,"href":"https:\/\/ruidapacking.com\/vi\/wp-json\/wp\/v2\/media\/13495"}],"wp:attachment":[{"href":"https:\/\/ruidapacking.com\/vi\/wp-json\/wp\/v2\/media?parent=9202"}],"wp:term":[{"taxonomy":"product_categories","embeddable":true,"href":"https:\/\/ruidapacking.com\/vi\/wp-json\/wp\/v2\/product_categories?post=9202"}],"curies":[{"name":"wp","href":"https:\/\/api.w.org\/{rel}","templated":true}]}}