{"id":9200,"date":"2024-04-26T22:19:57","date_gmt":"2024-04-26T14:19:57","guid":{"rendered":"https:\/\/ruidapacking.com\/?post_type=product&#038;p=9200"},"modified":"2024-11-26T10:42:57","modified_gmt":"2024-11-26T02:42:57","slug":"tablet-and-capsule-counting-filling-machine","status":"publish","type":"product","link":"https:\/\/ruidapacking.com\/vi\/product\/tablet-and-capsule-counting-filling-machine\/","title":{"rendered":"M\u00e1y chi\u1ebft r\u00f3t \u0111\u1ebfm vi\u00ean n\u00e9n v\u00e0 vi\u00ean nang"},"content":{"rendered":"","protected":false},"excerpt":{"rendered":"<p>M\u00e1y \u0111\u00f3ng vi\u00ean n\u00e9n v\u00e0 vi\u00ean nang bao g\u1ed3m nhi\u1ec1u b\u01b0\u1edbc ch\u00ednh x\u00e1c \u0111\u01b0\u1ee3c thi\u1ebft k\u1ebf \u0111\u1ec3 \u0111\u1ea3m b\u1ea3o \u0111\u1ebfm ch\u00ednh x\u00e1c v\u00e0 \u0111\u00f3ng vi\u00ean nang v\u00e0o h\u1ed9p \u0111\u1ef1ng hi\u1ec7u qu\u1ea3.<\/p>","protected":false},"featured_media":12713,"template":"","meta":{"_sitemap_exclude":false,"_sitemap_priority":"","_sitemap_frequency":""},"product_categories":[14],"class_list":["post-9200","product","type-product","status-publish","has-post-thumbnail","hentry","product_categories-automatic-counting-machine"],"acf":[],"_links":{"self":[{"href":"https:\/\/ruidapacking.com\/vi\/wp-json\/wp\/v2\/product\/9200","targetHints":{"allow":["GET"]}}],"collection":[{"href":"https:\/\/ruidapacking.com\/vi\/wp-json\/wp\/v2\/product"}],"about":[{"href":"https:\/\/ruidapacking.com\/vi\/wp-json\/wp\/v2\/types\/product"}],"wp:featuredmedia":[{"embeddable":true,"href":"https:\/\/ruidapacking.com\/vi\/wp-json\/wp\/v2\/media\/12713"}],"wp:attachment":[{"href":"https:\/\/ruidapacking.com\/vi\/wp-json\/wp\/v2\/media?parent=9200"}],"wp:term":[{"taxonomy":"product_categories","embeddable":true,"href":"https:\/\/ruidapacking.com\/vi\/wp-json\/wp\/v2\/product_categories?post=9200"}],"curies":[{"name":"wp","href":"https:\/\/api.w.org\/{rel}","templated":true}]}}