{"id":9199,"date":"2026-02-10T14:08:51","date_gmt":"2026-02-10T06:08:51","guid":{"rendered":"https:\/\/ruidapacking.com\/?post_type=product&#038;p=9199"},"modified":"2026-02-10T18:17:03","modified_gmt":"2026-02-10T10:17:03","slug":"capsule-filler-equipment","status":"publish","type":"product","link":"https:\/\/ruidapacking.com\/vi\/product\/capsule-filler-equipment\/","title":{"rendered":"Thi\u1ebft b\u1ecb chi\u1ebft vi\u00ean nang"},"content":{"rendered":"","protected":false},"excerpt":{"rendered":"<p>Nguy\u00ean l\u00fd ho\u1ea1t \u0111\u1ed9ng c\u1ee7a thi\u1ebft b\u1ecb \u0111\u00f3ng vi\u00ean nang bao g\u1ed3m nhi\u1ec1u giai \u0111o\u1ea1n, \u0111\u1ea3m b\u1ea3o vi\u00ean nang r\u1ed7ng \u0111\u01b0\u1ee3c \u0111\u00f3ng \u0111\u1ea7y m\u1ed9t l\u01b0\u1ee3ng b\u1ed9t, h\u1ea1t ch\u00ednh x\u00e1c.<\/p>","protected":false},"featured_media":12300,"template":"","meta":{"_sitemap_exclude":false,"_sitemap_priority":"","_sitemap_frequency":""},"product_categories":[37],"class_list":["post-9199","product","type-product","status-publish","has-post-thumbnail","hentry","product_categories-all-automatic-capsule-filling-machine"],"acf":[],"_links":{"self":[{"href":"https:\/\/ruidapacking.com\/vi\/wp-json\/wp\/v2\/product\/9199","targetHints":{"allow":["GET"]}}],"collection":[{"href":"https:\/\/ruidapacking.com\/vi\/wp-json\/wp\/v2\/product"}],"about":[{"href":"https:\/\/ruidapacking.com\/vi\/wp-json\/wp\/v2\/types\/product"}],"wp:featuredmedia":[{"embeddable":true,"href":"https:\/\/ruidapacking.com\/vi\/wp-json\/wp\/v2\/media\/12300"}],"wp:attachment":[{"href":"https:\/\/ruidapacking.com\/vi\/wp-json\/wp\/v2\/media?parent=9199"}],"wp:term":[{"taxonomy":"product_categories","embeddable":true,"href":"https:\/\/ruidapacking.com\/vi\/wp-json\/wp\/v2\/product_categories?post=9199"}],"curies":[{"name":"wp","href":"https:\/\/api.w.org\/{rel}","templated":true}]}}