{"id":9197,"date":"2024-04-26T21:51:48","date_gmt":"2024-04-26T13:51:48","guid":{"rendered":"https:\/\/ruidapacking.com\/?post_type=product&#038;p=9197"},"modified":"2024-11-07T20:56:09","modified_gmt":"2024-11-07T12:56:09","slug":"capsule-filler-manufacturer","status":"publish","type":"product","link":"https:\/\/ruidapacking.com\/vi\/product\/capsule-filler-manufacturer\/","title":{"rendered":"Nh\u00e0 s\u1ea3n xu\u1ea5t m\u00e1y chi\u1ebft vi\u00ean nang"},"content":{"rendered":"","protected":false},"excerpt":{"rendered":"<p>Nh\u00e0 s\u1ea3n xu\u1ea5t vi\u00ean nang \u0111\u00f3ng vai tr\u00f2 thi\u1ebft y\u1ebfu trong c\u00e1c ng\u00e0nh c\u00f4ng nghi\u1ec7p nh\u01b0 d\u01b0\u1ee3c ph\u1ea9m v\u00ec hi\u1ec7u qu\u1ea3 trong vi\u1ec7c s\u1ea3n xu\u1ea5t s\u1ed1 l\u01b0\u1ee3ng l\u1edbn vi\u00ean nang \u0111\u01b0\u1ee3c \u0111\u00f3ng ch\u00ednh x\u00e1c.<\/p>","protected":false},"featured_media":12288,"template":"","meta":{"_sitemap_exclude":false,"_sitemap_priority":"","_sitemap_frequency":""},"product_categories":[37],"class_list":["post-9197","product","type-product","status-publish","has-post-thumbnail","hentry","product_categories-all-automatic-capsule-filling-machine"],"acf":[],"_links":{"self":[{"href":"https:\/\/ruidapacking.com\/vi\/wp-json\/wp\/v2\/product\/9197","targetHints":{"allow":["GET"]}}],"collection":[{"href":"https:\/\/ruidapacking.com\/vi\/wp-json\/wp\/v2\/product"}],"about":[{"href":"https:\/\/ruidapacking.com\/vi\/wp-json\/wp\/v2\/types\/product"}],"wp:featuredmedia":[{"embeddable":true,"href":"https:\/\/ruidapacking.com\/vi\/wp-json\/wp\/v2\/media\/12288"}],"wp:attachment":[{"href":"https:\/\/ruidapacking.com\/vi\/wp-json\/wp\/v2\/media?parent=9197"}],"wp:term":[{"taxonomy":"product_categories","embeddable":true,"href":"https:\/\/ruidapacking.com\/vi\/wp-json\/wp\/v2\/product_categories?post=9197"}],"curies":[{"name":"wp","href":"https:\/\/api.w.org\/{rel}","templated":true}]}}