{"id":9109,"date":"2024-04-17T18:46:38","date_gmt":"2024-04-17T10:46:38","guid":{"rendered":"https:\/\/ruidapacking.com\/?post_type=product&#038;p=9109"},"modified":"2025-01-14T15:38:16","modified_gmt":"2025-01-14T07:38:16","slug":"ddp-flat-plate-blister-packing-machine","status":"publish","type":"product","link":"https:\/\/ruidapacking.com\/vi\/product\/ddp-flat-plate-blister-packing-machine\/","title":{"rendered":"M\u00e1y \u0111\u00f3ng g\u00f3i v\u1ec9 ph\u1eb3ng DDP"},"content":{"rendered":"","protected":false},"excerpt":{"rendered":"<p>M\u00e1y \u0111\u00f3ng v\u1ec9 ph\u1eb3ng DDP d\u00f9ng cho c\u00e1c lo\u1ea1i d\u01b0\u1ee3c ph\u1ea9m c\u1ea7n \u0111\u00f3ng g\u00f3i an to\u00e0n, \u0111\u1ea3m b\u1ea3o v\u1eeba b\u1ea3o v\u1ec7 v\u1eeba ch\u1ed1ng gi\u1ea3 m\u1ea1o thu\u1ed1c.<\/p>","protected":false},"featured_media":13194,"template":"","meta":{"_sitemap_exclude":false,"_sitemap_priority":"","_sitemap_frequency":""},"product_categories":[41],"class_list":["post-9109","product","type-product","status-publish","has-post-thumbnail","hentry","product_categories-all-blister-packing-machine"],"acf":[],"_links":{"self":[{"href":"https:\/\/ruidapacking.com\/vi\/wp-json\/wp\/v2\/product\/9109","targetHints":{"allow":["GET"]}}],"collection":[{"href":"https:\/\/ruidapacking.com\/vi\/wp-json\/wp\/v2\/product"}],"about":[{"href":"https:\/\/ruidapacking.com\/vi\/wp-json\/wp\/v2\/types\/product"}],"wp:featuredmedia":[{"embeddable":true,"href":"https:\/\/ruidapacking.com\/vi\/wp-json\/wp\/v2\/media\/13194"}],"wp:attachment":[{"href":"https:\/\/ruidapacking.com\/vi\/wp-json\/wp\/v2\/media?parent=9109"}],"wp:term":[{"taxonomy":"product_categories","embeddable":true,"href":"https:\/\/ruidapacking.com\/vi\/wp-json\/wp\/v2\/product_categories?post=9109"}],"curies":[{"name":"wp","href":"https:\/\/api.w.org\/{rel}","templated":true}]}}