{"id":9108,"date":"2024-04-17T18:40:55","date_gmt":"2024-04-17T10:40:55","guid":{"rendered":"https:\/\/ruidapacking.com\/?post_type=product&#038;p=9108"},"modified":"2025-03-20T19:56:50","modified_gmt":"2025-03-20T11:56:50","slug":"gummy-bear-counting-bottler","status":"publish","type":"product","link":"https:\/\/ruidapacking.com\/vi\/product\/gummy-bear-counting-bottler\/","title":{"rendered":"\u0110\u1ebfm\/\u0110\u00f3ng chai Gummy Bear"},"content":{"rendered":"","protected":false},"excerpt":{"rendered":"<p>M\u00e1y \u0111\u1ebfm\/\u0111\u00f3ng chai k\u1eb9o d\u1ebbo kh\u00f4ng ch\u1ec9 c\u1ea3i thi\u1ec7n hi\u1ec7u qu\u1ea3 v\u00e0 \u0111\u1ed9 ch\u00ednh x\u00e1c trong s\u1ea3n xu\u1ea5t k\u1eb9o m\u00e0 c\u00f2n gi\u00fap \u0111\u1ea3m b\u1ea3o ch\u1ea5t l\u01b0\u1ee3ng s\u1ea3n ph\u1ea9m v\u00e0 an to\u00e0n th\u1ef1c ph\u1ea9m.<\/p>","protected":false},"featured_media":13553,"template":"","meta":{"_sitemap_exclude":false,"_sitemap_priority":"","_sitemap_frequency":""},"product_categories":[42],"class_list":["post-9108","product","type-product","status-publish","has-post-thumbnail","hentry","product_categories-all-automatic-counting-machine"],"acf":[],"_links":{"self":[{"href":"https:\/\/ruidapacking.com\/vi\/wp-json\/wp\/v2\/product\/9108","targetHints":{"allow":["GET"]}}],"collection":[{"href":"https:\/\/ruidapacking.com\/vi\/wp-json\/wp\/v2\/product"}],"about":[{"href":"https:\/\/ruidapacking.com\/vi\/wp-json\/wp\/v2\/types\/product"}],"wp:featuredmedia":[{"embeddable":true,"href":"https:\/\/ruidapacking.com\/vi\/wp-json\/wp\/v2\/media\/13553"}],"wp:attachment":[{"href":"https:\/\/ruidapacking.com\/vi\/wp-json\/wp\/v2\/media?parent=9108"}],"wp:term":[{"taxonomy":"product_categories","embeddable":true,"href":"https:\/\/ruidapacking.com\/vi\/wp-json\/wp\/v2\/product_categories?post=9108"}],"curies":[{"name":"wp","href":"https:\/\/api.w.org\/{rel}","templated":true}]}}