{"id":9104,"date":"2024-04-17T18:21:23","date_gmt":"2024-04-17T10:21:23","guid":{"rendered":"https:\/\/ruidapacking.com\/?post_type=product&#038;p=9104"},"modified":"2024-12-06T19:21:30","modified_gmt":"2024-12-06T11:21:30","slug":"capsule-filler-machine-medicinal","status":"publish","type":"product","link":"https:\/\/ruidapacking.com\/vi\/product\/capsule-filler-machine-medicinal\/","title":{"rendered":"M\u00e1y chi\u1ebft vi\u00ean nang thu\u1ed1c"},"content":{"rendered":"","protected":false},"excerpt":{"rendered":"<p>M\u00e1y \u0111\u00f3ng vi\u00ean nang thu\u1ed1c \u0111\u01b0\u1ee3c s\u1eed d\u1ee5ng \u0111\u1ec3 t\u1ef1 \u0111\u1ed9ng h\u00f3a qu\u00e1 tr\u00ecnh \u0111\u00f3ng vi\u00ean nang r\u1ed7ng b\u1eb1ng b\u1ed9t, h\u1ea1t ho\u1eb7c c\u00e1c ch\u1ebf ph\u1ea9m kh\u00e1c.<\/p>","protected":false},"featured_media":12835,"template":"","meta":{"_sitemap_exclude":false,"_sitemap_priority":"","_sitemap_frequency":""},"product_categories":[37],"class_list":["post-9104","product","type-product","status-publish","has-post-thumbnail","hentry","product_categories-all-automatic-capsule-filling-machine"],"acf":[],"_links":{"self":[{"href":"https:\/\/ruidapacking.com\/vi\/wp-json\/wp\/v2\/product\/9104","targetHints":{"allow":["GET"]}}],"collection":[{"href":"https:\/\/ruidapacking.com\/vi\/wp-json\/wp\/v2\/product"}],"about":[{"href":"https:\/\/ruidapacking.com\/vi\/wp-json\/wp\/v2\/types\/product"}],"wp:featuredmedia":[{"embeddable":true,"href":"https:\/\/ruidapacking.com\/vi\/wp-json\/wp\/v2\/media\/12835"}],"wp:attachment":[{"href":"https:\/\/ruidapacking.com\/vi\/wp-json\/wp\/v2\/media?parent=9104"}],"wp:term":[{"taxonomy":"product_categories","embeddable":true,"href":"https:\/\/ruidapacking.com\/vi\/wp-json\/wp\/v2\/product_categories?post=9104"}],"curies":[{"name":"wp","href":"https:\/\/api.w.org\/{rel}","templated":true}]}}