{"id":9071,"date":"2024-04-10T10:21:43","date_gmt":"2024-04-10T02:21:43","guid":{"rendered":"https:\/\/ruidapacking.com\/?post_type=product&#038;p=9071"},"modified":"2025-11-19T19:47:27","modified_gmt":"2025-11-19T11:47:27","slug":"automatic-pharmaceutical-capsule-machine","status":"publish","type":"product","link":"https:\/\/ruidapacking.com\/vi\/product\/automatic-pharmaceutical-capsule-machine\/","title":{"rendered":"M\u00e1y \u0111\u00f3ng vi\u00ean nang d\u01b0\u1ee3c ph\u1ea9m t\u1ef1 \u0111\u1ed9ng"},"content":{"rendered":"","protected":false},"excerpt":{"rendered":"<p>M\u00e1y \u0111\u00f3ng vi\u00ean nang d\u01b0\u1ee3c ph\u1ea9m t\u1ef1 \u0111\u1ed9ng: \u0110\u1ea1t ti\u00eau chu\u1ea9n GMP, c\u00f4ng su\u1ea5t 90.000 vi\u00ean nang\/gi\u1edd, \u0111\u1ed9 ch\u00ednh x\u00e1c \u0111\u1ecbnh l\u01b0\u1ee3ng \u00b11%, h\u1ed7 tr\u1ee3 vi\u00ean nang 000#-5#. L\u00fd t\u01b0\u1edfng cho d\u01b0\u1ee3c ph\u1ea9m v\u00e0 th\u1ef1c ph\u1ea9m ch\u1ee9c n\u0103ng.<\/p>","protected":false},"featured_media":13274,"template":"","meta":{"_sitemap_exclude":false,"_sitemap_priority":"","_sitemap_frequency":""},"product_categories":[62],"class_list":["post-9071","product","type-product","status-publish","has-post-thumbnail","hentry","product_categories-premade-pouch-packing-machine"],"acf":[],"_links":{"self":[{"href":"https:\/\/ruidapacking.com\/vi\/wp-json\/wp\/v2\/product\/9071","targetHints":{"allow":["GET"]}}],"collection":[{"href":"https:\/\/ruidapacking.com\/vi\/wp-json\/wp\/v2\/product"}],"about":[{"href":"https:\/\/ruidapacking.com\/vi\/wp-json\/wp\/v2\/types\/product"}],"wp:featuredmedia":[{"embeddable":true,"href":"https:\/\/ruidapacking.com\/vi\/wp-json\/wp\/v2\/media\/13274"}],"wp:attachment":[{"href":"https:\/\/ruidapacking.com\/vi\/wp-json\/wp\/v2\/media?parent=9071"}],"wp:term":[{"taxonomy":"product_categories","embeddable":true,"href":"https:\/\/ruidapacking.com\/vi\/wp-json\/wp\/v2\/product_categories?post=9071"}],"curies":[{"name":"wp","href":"https:\/\/api.w.org\/{rel}","templated":true}]}}