{"id":8898,"date":"2024-03-28T15:55:15","date_gmt":"2024-03-28T07:55:15","guid":{"rendered":"https:\/\/ruidapacking.com\/?post_type=product&#038;p=8898"},"modified":"2025-03-21T16:47:13","modified_gmt":"2025-03-21T08:47:13","slug":"large-size-tablet-making-machine","status":"publish","type":"product","link":"https:\/\/ruidapacking.com\/vi\/product\/large-size-tablet-making-machine\/","title":{"rendered":"M\u00e1y l\u00e0m vi\u00ean n\u00e9n c\u1ee1 l\u1edbn"},"content":{"rendered":"","protected":false},"excerpt":{"rendered":"<p>M\u00e1y l\u00e0m vi\u00ean n\u00e9n c\u1ee1 l\u1edbn d\u00f9ng \u0111\u1ec3 n\u00e9n c\u00e1c v\u1eadt li\u1ec7u d\u1ea1ng b\u1ed9t ho\u1eb7c d\u1ea1ng h\u1ea1t th\u00e0nh vi\u00ean n\u00e9n l\u1edbn h\u01a1n, th\u1ef1c ph\u1ea9m b\u1ed5 sung dinh d\u01b0\u1ee1ng ho\u1eb7c c\u00e1c s\u1ea3n ph\u1ea9m r\u1eafn kh\u00e1c.<\/p>","protected":false},"featured_media":8486,"template":"","meta":{"_sitemap_exclude":false,"_sitemap_priority":"","_sitemap_frequency":""},"product_categories":[40],"class_list":["post-8898","product","type-product","status-publish","has-post-thumbnail","hentry","product_categories-all-tablet-press-machine"],"acf":[],"_links":{"self":[{"href":"https:\/\/ruidapacking.com\/vi\/wp-json\/wp\/v2\/product\/8898","targetHints":{"allow":["GET"]}}],"collection":[{"href":"https:\/\/ruidapacking.com\/vi\/wp-json\/wp\/v2\/product"}],"about":[{"href":"https:\/\/ruidapacking.com\/vi\/wp-json\/wp\/v2\/types\/product"}],"wp:featuredmedia":[{"embeddable":true,"href":"https:\/\/ruidapacking.com\/vi\/wp-json\/wp\/v2\/media\/8486"}],"wp:attachment":[{"href":"https:\/\/ruidapacking.com\/vi\/wp-json\/wp\/v2\/media?parent=8898"}],"wp:term":[{"taxonomy":"product_categories","embeddable":true,"href":"https:\/\/ruidapacking.com\/vi\/wp-json\/wp\/v2\/product_categories?post=8898"}],"curies":[{"name":"wp","href":"https:\/\/api.w.org\/{rel}","templated":true}]}}