{"id":8889,"date":"2024-03-22T20:51:33","date_gmt":"2024-03-22T12:51:33","guid":{"rendered":"https:\/\/ruidapacking.com\/?post_type=product&#038;p=8889"},"modified":"2024-11-07T20:42:56","modified_gmt":"2024-11-07T12:42:56","slug":"two-layers-tablet-press-machine","status":"publish","type":"product","link":"https:\/\/ruidapacking.com\/vi\/product\/two-layers-tablet-press-machine\/","title":{"rendered":"M\u00e1y \u00e9p vi\u00ean hai l\u1edbp"},"content":{"rendered":"","protected":false},"excerpt":{"rendered":"<p>M\u00e1y d\u1eadp vi\u00ean hai l\u1edbp \u0111\u01b0\u1ee3c s\u1eed d\u1ee5ng r\u1ed9ng r\u00e3i trong ng\u00e0nh d\u01b0\u1ee3c ph\u1ea9m, th\u1ef1c ph\u1ea9m ch\u1ee9c n\u0103ng v\u00e0 h\u00f3a ch\u1ea5t.<\/p>","protected":false},"featured_media":12291,"template":"","meta":{"_sitemap_exclude":false,"_sitemap_priority":"","_sitemap_frequency":""},"product_categories":[40],"class_list":["post-8889","product","type-product","status-publish","has-post-thumbnail","hentry","product_categories-all-tablet-press-machine"],"acf":[],"_links":{"self":[{"href":"https:\/\/ruidapacking.com\/vi\/wp-json\/wp\/v2\/product\/8889","targetHints":{"allow":["GET"]}}],"collection":[{"href":"https:\/\/ruidapacking.com\/vi\/wp-json\/wp\/v2\/product"}],"about":[{"href":"https:\/\/ruidapacking.com\/vi\/wp-json\/wp\/v2\/types\/product"}],"wp:featuredmedia":[{"embeddable":true,"href":"https:\/\/ruidapacking.com\/vi\/wp-json\/wp\/v2\/media\/12291"}],"wp:attachment":[{"href":"https:\/\/ruidapacking.com\/vi\/wp-json\/wp\/v2\/media?parent=8889"}],"wp:term":[{"taxonomy":"product_categories","embeddable":true,"href":"https:\/\/ruidapacking.com\/vi\/wp-json\/wp\/v2\/product_categories?post=8889"}],"curies":[{"name":"wp","href":"https:\/\/api.w.org\/{rel}","templated":true}]}}