{"id":8884,"date":"2024-03-22T20:22:59","date_gmt":"2024-03-22T12:22:59","guid":{"rendered":"https:\/\/ruidapacking.com\/?post_type=product&#038;p=8884"},"modified":"2026-01-22T20:34:38","modified_gmt":"2026-01-22T12:34:38","slug":"automatic-capsule-powder-filling-machine","status":"publish","type":"product","link":"https:\/\/ruidapacking.com\/vi\/product\/automatic-capsule-powder-filling-machine\/","title":{"rendered":"M\u00e1y \u0111\u00f3ng vi\u00ean nang b\u1ed9t t\u1ef1 \u0111\u1ed9ng"},"content":{"rendered":"","protected":false},"excerpt":{"rendered":"<p>M\u00e1y \u0111\u00f3ng vi\u00ean nang b\u1ed9t t\u1ef1 \u0111\u1ed9ng c\u00f3 nhi\u1ec1u \u01b0u \u0111i\u1ec3m khi\u1ebfn ch\u00fang tr\u1edf th\u00e0nh l\u1ef1a ch\u1ecdn thi\u1ebft y\u1ebfu cho ng\u00e0nh d\u01b0\u1ee3c ph\u1ea9m v\u00e0 th\u1ef1c ph\u1ea9m ch\u1ee9c n\u0103ng.<\/p>","protected":false},"featured_media":12731,"template":"","meta":{"_sitemap_exclude":false,"_sitemap_priority":"","_sitemap_frequency":""},"product_categories":[37],"class_list":["post-8884","product","type-product","status-publish","has-post-thumbnail","hentry","product_categories-all-automatic-capsule-filling-machine"],"acf":[],"_links":{"self":[{"href":"https:\/\/ruidapacking.com\/vi\/wp-json\/wp\/v2\/product\/8884","targetHints":{"allow":["GET"]}}],"collection":[{"href":"https:\/\/ruidapacking.com\/vi\/wp-json\/wp\/v2\/product"}],"about":[{"href":"https:\/\/ruidapacking.com\/vi\/wp-json\/wp\/v2\/types\/product"}],"wp:featuredmedia":[{"embeddable":true,"href":"https:\/\/ruidapacking.com\/vi\/wp-json\/wp\/v2\/media\/12731"}],"wp:attachment":[{"href":"https:\/\/ruidapacking.com\/vi\/wp-json\/wp\/v2\/media?parent=8884"}],"wp:term":[{"taxonomy":"product_categories","embeddable":true,"href":"https:\/\/ruidapacking.com\/vi\/wp-json\/wp\/v2\/product_categories?post=8884"}],"curies":[{"name":"wp","href":"https:\/\/api.w.org\/{rel}","templated":true}]}}