{"id":8860,"date":"2024-03-15T14:58:52","date_gmt":"2024-03-15T06:58:52","guid":{"rendered":"https:\/\/ruidapacking.com\/?post_type=product&#038;p=8860"},"modified":"2024-11-08T11:06:31","modified_gmt":"2024-11-08T03:06:31","slug":"pharmaceutical-capsule-counting-machine","status":"publish","type":"product","link":"https:\/\/ruidapacking.com\/vi\/product\/pharmaceutical-capsule-counting-machine\/","title":{"rendered":"M\u00e1y \u0111\u1ebfm vi\u00ean nang d\u01b0\u1ee3c ph\u1ea9m"},"content":{"rendered":"","protected":false},"excerpt":{"rendered":"<p>M\u00e1y \u0111\u1ebfm vi\u00ean nang d\u01b0\u1ee3c ph\u1ea9m l\u00e0 c\u00f4ng c\u1ee5 \u0111a n\u0103ng \u0111\u01b0\u1ee3c s\u1eed d\u1ee5ng r\u1ed9ng r\u00e3i trong nhi\u1ec1u ng\u00e0nh c\u00f4ng nghi\u1ec7p kh\u00e1c nhau \u0111\u1ec3 \u0111\u1ebfm v\u00e0 ph\u00e2n ph\u1ed1i vi\u00ean n\u00e9n ho\u1eb7c vi\u00ean nang m\u1ed9t c\u00e1ch ch\u00ednh x\u00e1c.<\/p>","protected":false},"featured_media":12289,"template":"","meta":{"_sitemap_exclude":false,"_sitemap_priority":"","_sitemap_frequency":""},"product_categories":[42],"class_list":["post-8860","product","type-product","status-publish","has-post-thumbnail","hentry","product_categories-all-automatic-counting-machine"],"acf":[],"_links":{"self":[{"href":"https:\/\/ruidapacking.com\/vi\/wp-json\/wp\/v2\/product\/8860","targetHints":{"allow":["GET"]}}],"collection":[{"href":"https:\/\/ruidapacking.com\/vi\/wp-json\/wp\/v2\/product"}],"about":[{"href":"https:\/\/ruidapacking.com\/vi\/wp-json\/wp\/v2\/types\/product"}],"wp:featuredmedia":[{"embeddable":true,"href":"https:\/\/ruidapacking.com\/vi\/wp-json\/wp\/v2\/media\/12289"}],"wp:attachment":[{"href":"https:\/\/ruidapacking.com\/vi\/wp-json\/wp\/v2\/media?parent=8860"}],"wp:term":[{"taxonomy":"product_categories","embeddable":true,"href":"https:\/\/ruidapacking.com\/vi\/wp-json\/wp\/v2\/product_categories?post=8860"}],"curies":[{"name":"wp","href":"https:\/\/api.w.org\/{rel}","templated":true}]}}