{"id":8769,"date":"2024-03-23T11:43:40","date_gmt":"2024-03-23T03:43:40","guid":{"rendered":"https:\/\/ruidapacking.com\/?post_type=product&#038;p=8769"},"modified":"2026-01-22T20:29:55","modified_gmt":"2026-01-22T12:29:55","slug":"dpp-270max-high-speed-blister-packing-machine","status":"publish","type":"product","link":"https:\/\/ruidapacking.com\/vi\/product\/dpp-270max-high-speed-blister-packing-machine\/","title":{"rendered":"M\u00e1y \u0111\u00f3ng g\u00f3i v\u1ec9 t\u1ed1c \u0111\u1ed9 cao DPP-270Max"},"content":{"rendered":"","protected":false},"excerpt":{"rendered":"<p>M\u00e1y \u0111\u00f3ng g\u00f3i v\u1ec9 thu\u1ed1c t\u1ed1c \u0111\u1ed9 cao DPP-270Max \u0111\u01b0\u1ee3c \u1ee9ng d\u1ee5ng r\u1ed9ng r\u00e3i trong nhi\u1ec1u ng\u00e0nh c\u00f4ng nghi\u1ec7p kh\u00e1c nhau, bao g\u1ed3m bao b\u00ec, d\u01b0\u1ee3c ph\u1ea9m v\u00e0 h\u00f3a ch\u1ea5t.<\/p>","protected":false},"featured_media":14265,"template":"","meta":{"_sitemap_exclude":false,"_sitemap_priority":"","_sitemap_frequency":""},"product_categories":[25],"class_list":["post-8769","product","type-product","status-publish","has-post-thumbnail","hentry","product_categories-for-tablet-capsule-and-other-solids"],"acf":[],"_links":{"self":[{"href":"https:\/\/ruidapacking.com\/vi\/wp-json\/wp\/v2\/product\/8769","targetHints":{"allow":["GET"]}}],"collection":[{"href":"https:\/\/ruidapacking.com\/vi\/wp-json\/wp\/v2\/product"}],"about":[{"href":"https:\/\/ruidapacking.com\/vi\/wp-json\/wp\/v2\/types\/product"}],"wp:featuredmedia":[{"embeddable":true,"href":"https:\/\/ruidapacking.com\/vi\/wp-json\/wp\/v2\/media\/14265"}],"wp:attachment":[{"href":"https:\/\/ruidapacking.com\/vi\/wp-json\/wp\/v2\/media?parent=8769"}],"wp:term":[{"taxonomy":"product_categories","embeddable":true,"href":"https:\/\/ruidapacking.com\/vi\/wp-json\/wp\/v2\/product_categories?post=8769"}],"curies":[{"name":"wp","href":"https:\/\/api.w.org\/{rel}","templated":true}]}}