{"id":8759,"date":"2024-02-21T16:15:16","date_gmt":"2024-02-21T08:15:16","guid":{"rendered":"https:\/\/ruidapacking.com\/?post_type=product&#038;p=8759"},"modified":"2026-01-22T20:10:17","modified_gmt":"2026-01-22T12:10:17","slug":"pharmaceutical-machinery-tablet-press-machine-automatic","status":"publish","type":"product","link":"https:\/\/ruidapacking.com\/vi\/product\/pharmaceutical-machinery-tablet-press-machine-automatic\/","title":{"rendered":"M\u00e1y m\u00f3c d\u01b0\u1ee3c ph\u1ea9m M\u00e1y \u00e9p vi\u00ean t\u1ef1 \u0111\u1ed9ng"},"content":{"rendered":"","protected":false},"excerpt":{"rendered":"<p>M\u00e1y d\u1eadp vi\u00ean d\u01b0\u1ee3c ph\u1ea9m \u01afu \u0111i\u1ec3m t\u1ef1 \u0111\u1ed9ng: \u0111\u1ea7u ti\u00ean l\u00e0 lo\u1ea1i b\u1ecf ch\u1ea5t th\u1ea3i, th\u1ee9 hai l\u00e0 ch\u1ea5t l\u01b0\u1ee3ng \u0111\u1ed3ng \u0111\u1ec1u c\u1ee7a vi\u00ean n\u00e9n \u0111\u01b0\u1ee3c d\u1eadp.<\/p>","protected":false},"featured_media":13271,"template":"","meta":{"_sitemap_exclude":false,"_sitemap_priority":"","_sitemap_frequency":""},"product_categories":[40],"class_list":["post-8759","product","type-product","status-publish","has-post-thumbnail","hentry","product_categories-all-tablet-press-machine"],"acf":[],"_links":{"self":[{"href":"https:\/\/ruidapacking.com\/vi\/wp-json\/wp\/v2\/product\/8759","targetHints":{"allow":["GET"]}}],"collection":[{"href":"https:\/\/ruidapacking.com\/vi\/wp-json\/wp\/v2\/product"}],"about":[{"href":"https:\/\/ruidapacking.com\/vi\/wp-json\/wp\/v2\/types\/product"}],"wp:featuredmedia":[{"embeddable":true,"href":"https:\/\/ruidapacking.com\/vi\/wp-json\/wp\/v2\/media\/13271"}],"wp:attachment":[{"href":"https:\/\/ruidapacking.com\/vi\/wp-json\/wp\/v2\/media?parent=8759"}],"wp:term":[{"taxonomy":"product_categories","embeddable":true,"href":"https:\/\/ruidapacking.com\/vi\/wp-json\/wp\/v2\/product_categories?post=8759"}],"curies":[{"name":"wp","href":"https:\/\/api.w.org\/{rel}","templated":true}]}}