{"id":8745,"date":"2024-01-22T14:29:24","date_gmt":"2024-01-22T06:29:24","guid":{"rendered":"https:\/\/ruidapacking.com\/?post_type=product&#038;p=8745"},"modified":"2025-03-20T16:59:35","modified_gmt":"2025-03-20T08:59:35","slug":"single-sided-rotary-tablet-press-machine","status":"publish","type":"product","link":"https:\/\/ruidapacking.com\/vi\/product\/single-sided-rotary-tablet-press-machine\/","title":{"rendered":"M\u00e1y \u00e9p vi\u00ean n\u00e9n quay m\u1ed9t m\u1eb7t"},"content":{"rendered":"","protected":false},"excerpt":{"rendered":"<p>M\u00e1y d\u1eadp vi\u00ean thu\u1ed1c quay m\u1ed9t m\u1eb7t c\u00f3 th\u1ec3 \u00e9p b\u1ed9t thu\u1ed1c v\u00e0 th\u00e0nh ph\u1ea7n th\u00e0nh nh\u1eefng vi\u00ean thu\u1ed1c \u0111\u1ed3ng nh\u1ea5t, \u0111\u1ea3m b\u1ea3o li\u1ec1u l\u01b0\u1ee3ng ch\u00ednh x\u00e1c v\u00e0 ch\u1ea5t l\u01b0\u1ee3ng \u0111\u1ed3ng \u0111\u1ec1u.<\/p>","protected":false},"featured_media":10368,"template":"","meta":{"_sitemap_exclude":false,"_sitemap_priority":"","_sitemap_frequency":""},"product_categories":[40],"class_list":["post-8745","product","type-product","status-publish","has-post-thumbnail","hentry","product_categories-all-tablet-press-machine"],"acf":[],"_links":{"self":[{"href":"https:\/\/ruidapacking.com\/vi\/wp-json\/wp\/v2\/product\/8745","targetHints":{"allow":["GET"]}}],"collection":[{"href":"https:\/\/ruidapacking.com\/vi\/wp-json\/wp\/v2\/product"}],"about":[{"href":"https:\/\/ruidapacking.com\/vi\/wp-json\/wp\/v2\/types\/product"}],"wp:featuredmedia":[{"embeddable":true,"href":"https:\/\/ruidapacking.com\/vi\/wp-json\/wp\/v2\/media\/10368"}],"wp:attachment":[{"href":"https:\/\/ruidapacking.com\/vi\/wp-json\/wp\/v2\/media?parent=8745"}],"wp:term":[{"taxonomy":"product_categories","embeddable":true,"href":"https:\/\/ruidapacking.com\/vi\/wp-json\/wp\/v2\/product_categories?post=8745"}],"curies":[{"name":"wp","href":"https:\/\/api.w.org\/{rel}","templated":true}]}}