{"id":8593,"date":"2026-02-10T15:03:59","date_gmt":"2026-02-10T07:03:59","guid":{"rendered":"https:\/\/ruidapacking.com\/?post_type=product&#038;p=8593"},"modified":"2026-02-10T18:14:46","modified_gmt":"2026-02-10T10:14:46","slug":"njp-1500-capsule-filling-machine","status":"publish","type":"product","link":"https:\/\/ruidapacking.com\/vi\/product\/njp-1500-capsule-filling-machine\/","title":{"rendered":"M\u00e1y \u0111\u00f3ng vi\u00ean nang NJP 1500"},"content":{"rendered":"","protected":false},"excerpt":{"rendered":"<p>M\u00e1y \u0111\u00f3ng vi\u00ean nang NJP 1500 c\u00f3 th\u1ec3 \u0111\u00f3ng b\u1ed9t, h\u1ea1t v\u00e0 vi\u00ean v\u00e0o vi\u00ean nang c\u1ee9ng. M\u00e1y c\u00f3 \u01b0u \u0111i\u1ec3m l\u00e0 \u0111\u00f3ng ch\u00ednh x\u00e1c, ho\u1ea1t \u0111\u1ed9ng \u1ed5n \u0111\u1ecbnh, kh\u00f4ng b\u1ee5i.<\/p>","protected":false},"featured_media":13274,"template":"","meta":{"_sitemap_exclude":false,"_sitemap_priority":"","_sitemap_frequency":""},"product_categories":[41],"class_list":["post-8593","product","type-product","status-publish","has-post-thumbnail","hentry","product_categories-all-blister-packing-machine"],"acf":[],"_links":{"self":[{"href":"https:\/\/ruidapacking.com\/vi\/wp-json\/wp\/v2\/product\/8593","targetHints":{"allow":["GET"]}}],"collection":[{"href":"https:\/\/ruidapacking.com\/vi\/wp-json\/wp\/v2\/product"}],"about":[{"href":"https:\/\/ruidapacking.com\/vi\/wp-json\/wp\/v2\/types\/product"}],"wp:featuredmedia":[{"embeddable":true,"href":"https:\/\/ruidapacking.com\/vi\/wp-json\/wp\/v2\/media\/13274"}],"wp:attachment":[{"href":"https:\/\/ruidapacking.com\/vi\/wp-json\/wp\/v2\/media?parent=8593"}],"wp:term":[{"taxonomy":"product_categories","embeddable":true,"href":"https:\/\/ruidapacking.com\/vi\/wp-json\/wp\/v2\/product_categories?post=8593"}],"curies":[{"name":"wp","href":"https:\/\/api.w.org\/{rel}","templated":true}]}}