{"id":8592,"date":"2023-11-10T14:59:54","date_gmt":"2023-11-10T06:59:54","guid":{"rendered":"https:\/\/ruidapacking.com\/?post_type=product&#038;p=8592"},"modified":"2026-01-22T19:41:21","modified_gmt":"2026-01-22T11:41:21","slug":"njp-400-automatic-capsule-filling-machine","status":"publish","type":"product","link":"https:\/\/ruidapacking.com\/vi\/product\/njp-400-automatic-capsule-filling-machine\/","title":{"rendered":"M\u00e1y \u0111\u00f3ng vi\u00ean nang t\u1ef1 \u0111\u1ed9ng NJP 400"},"content":{"rendered":"","protected":false},"excerpt":{"rendered":"","protected":false},"featured_media":8481,"template":"","meta":{"_sitemap_exclude":false,"_sitemap_priority":"","_sitemap_frequency":""},"product_categories":[37],"class_list":["post-8592","product","type-product","status-publish","has-post-thumbnail","hentry","product_categories-all-automatic-capsule-filling-machine"],"acf":[],"_links":{"self":[{"href":"https:\/\/ruidapacking.com\/vi\/wp-json\/wp\/v2\/product\/8592","targetHints":{"allow":["GET"]}}],"collection":[{"href":"https:\/\/ruidapacking.com\/vi\/wp-json\/wp\/v2\/product"}],"about":[{"href":"https:\/\/ruidapacking.com\/vi\/wp-json\/wp\/v2\/types\/product"}],"wp:featuredmedia":[{"embeddable":true,"href":"https:\/\/ruidapacking.com\/vi\/wp-json\/wp\/v2\/media\/8481"}],"wp:attachment":[{"href":"https:\/\/ruidapacking.com\/vi\/wp-json\/wp\/v2\/media?parent=8592"}],"wp:term":[{"taxonomy":"product_categories","embeddable":true,"href":"https:\/\/ruidapacking.com\/vi\/wp-json\/wp\/v2\/product_categories?post=8592"}],"curies":[{"name":"wp","href":"https:\/\/api.w.org\/{rel}","templated":true}]}}