{"id":8551,"date":"2023-10-30T09:59:17","date_gmt":"2023-10-30T01:59:17","guid":{"rendered":"https:\/\/ruidapacking.com\/?post_type=product&#038;p=8551"},"modified":"2026-01-22T19:32:37","modified_gmt":"2026-01-22T11:32:37","slug":"high-speed-compression-machine-for-tablets","status":"publish","type":"product","link":"https:\/\/ruidapacking.com\/vi\/product\/high-speed-compression-machine-for-tablets\/","title":{"rendered":"M\u00e1y N\u00e9n T\u1ed1c \u0110\u1ed9 Cao Cho Vi\u00ean Thu\u1ed1c"},"content":{"rendered":"","protected":false},"excerpt":{"rendered":"<p>M\u00e1y n\u00e9n vi\u00ean t\u1ed1c \u0111\u1ed9 cao r\u1ea5t c\u1ea7n thi\u1ebft cho c\u00e1c ng\u00e0nh c\u00f4ng nghi\u1ec7p \u0111\u00f2i h\u1ecfi s\u1ea3n xu\u1ea5t vi\u00ean thu\u1ed1c ch\u1ea5t l\u01b0\u1ee3ng cao, \u0111\u1ed3ng \u0111\u1ec1u v\u00e0 ch\u00ednh x\u00e1c.<\/p>","protected":false},"featured_media":12724,"template":"","meta":{"_sitemap_exclude":false,"_sitemap_priority":"","_sitemap_frequency":""},"product_categories":[40],"class_list":["post-8551","product","type-product","status-publish","has-post-thumbnail","hentry","product_categories-all-tablet-press-machine"],"acf":[],"_links":{"self":[{"href":"https:\/\/ruidapacking.com\/vi\/wp-json\/wp\/v2\/product\/8551","targetHints":{"allow":["GET"]}}],"collection":[{"href":"https:\/\/ruidapacking.com\/vi\/wp-json\/wp\/v2\/product"}],"about":[{"href":"https:\/\/ruidapacking.com\/vi\/wp-json\/wp\/v2\/types\/product"}],"wp:featuredmedia":[{"embeddable":true,"href":"https:\/\/ruidapacking.com\/vi\/wp-json\/wp\/v2\/media\/12724"}],"wp:attachment":[{"href":"https:\/\/ruidapacking.com\/vi\/wp-json\/wp\/v2\/media?parent=8551"}],"wp:term":[{"taxonomy":"product_categories","embeddable":true,"href":"https:\/\/ruidapacking.com\/vi\/wp-json\/wp\/v2\/product_categories?post=8551"}],"curies":[{"name":"wp","href":"https:\/\/api.w.org\/{rel}","templated":true}]}}