{"id":8446,"date":"2023-10-19T15:24:09","date_gmt":"2023-10-19T07:24:09","guid":{"rendered":"https:\/\/ruidapacking.com\/?post_type=product&#038;p=8446"},"modified":"2024-10-12T22:49:38","modified_gmt":"2024-10-12T14:49:38","slug":"honey-blister-packing-machine","status":"publish","type":"product","link":"https:\/\/ruidapacking.com\/vi\/product\/honey-blister-packing-machine\/","title":{"rendered":"M\u00e1y \u0111\u00f3ng g\u00f3i v\u1ec9 m\u1eadt ong"},"content":{"rendered":"","protected":false},"excerpt":{"rendered":"","protected":false},"featured_media":11339,"template":"","meta":{"_sitemap_exclude":false,"_sitemap_priority":"","_sitemap_frequency":""},"product_categories":[26],"class_list":["post-8446","product","type-product","status-publish","has-post-thumbnail","hentry","product_categories-for-perfume-jam-honey-and-other-liquid"],"acf":[],"_links":{"self":[{"href":"https:\/\/ruidapacking.com\/vi\/wp-json\/wp\/v2\/product\/8446","targetHints":{"allow":["GET"]}}],"collection":[{"href":"https:\/\/ruidapacking.com\/vi\/wp-json\/wp\/v2\/product"}],"about":[{"href":"https:\/\/ruidapacking.com\/vi\/wp-json\/wp\/v2\/types\/product"}],"wp:featuredmedia":[{"embeddable":true,"href":"https:\/\/ruidapacking.com\/vi\/wp-json\/wp\/v2\/media\/11339"}],"wp:attachment":[{"href":"https:\/\/ruidapacking.com\/vi\/wp-json\/wp\/v2\/media?parent=8446"}],"wp:term":[{"taxonomy":"product_categories","embeddable":true,"href":"https:\/\/ruidapacking.com\/vi\/wp-json\/wp\/v2\/product_categories?post=8446"}],"curies":[{"name":"wp","href":"https:\/\/api.w.org\/{rel}","templated":true}]}}