{"id":8368,"date":"2026-02-10T14:08:32","date_gmt":"2026-02-10T06:08:32","guid":{"rendered":"https:\/\/ruidapacking.com\/?post_type=product&#038;p=8368"},"modified":"2026-02-10T18:19:39","modified_gmt":"2026-02-10T10:19:39","slug":"high-speed-tablet-press-machine","status":"publish","type":"product","link":"https:\/\/ruidapacking.com\/vi\/product\/high-speed-tablet-press-machine\/","title":{"rendered":"M\u00e1y \u00e9p vi\u00ean t\u1ed1c \u0111\u1ed9 cao"},"content":{"rendered":"","protected":false},"excerpt":{"rendered":"<p>M\u00e1y \u00e9p vi\u00ean t\u1ed1c \u0111\u1ed9 cao li\u00ean quan \u0111\u1ebfn vi\u1ec7c n\u00e9n b\u1ed9t ho\u1eb7c v\u1eadt li\u1ec7u d\u1ea1ng h\u1ea1t th\u00e0nh vi\u00ean th\u00f4ng qua m\u1ed9t lo\u1ea1t c\u00e1c b\u01b0\u1edbc \u0111\u01b0\u1ee3c ki\u1ec3m so\u00e1t ch\u00ednh x\u00e1c.<\/p>","protected":false},"featured_media":15391,"template":"","meta":{"_sitemap_exclude":false,"_sitemap_priority":"","_sitemap_frequency":""},"product_categories":[40,41],"class_list":["post-8368","product","type-product","status-publish","has-post-thumbnail","hentry","product_categories-all-tablet-press-machine","product_categories-all-blister-packing-machine"],"acf":[],"_links":{"self":[{"href":"https:\/\/ruidapacking.com\/vi\/wp-json\/wp\/v2\/product\/8368","targetHints":{"allow":["GET"]}}],"collection":[{"href":"https:\/\/ruidapacking.com\/vi\/wp-json\/wp\/v2\/product"}],"about":[{"href":"https:\/\/ruidapacking.com\/vi\/wp-json\/wp\/v2\/types\/product"}],"wp:featuredmedia":[{"embeddable":true,"href":"https:\/\/ruidapacking.com\/vi\/wp-json\/wp\/v2\/media\/15391"}],"wp:attachment":[{"href":"https:\/\/ruidapacking.com\/vi\/wp-json\/wp\/v2\/media?parent=8368"}],"wp:term":[{"taxonomy":"product_categories","embeddable":true,"href":"https:\/\/ruidapacking.com\/vi\/wp-json\/wp\/v2\/product_categories?post=8368"}],"curies":[{"name":"wp","href":"https:\/\/api.w.org\/{rel}","templated":true}]}}