{"id":8065,"date":"2023-09-27T20:31:44","date_gmt":"2023-09-27T12:31:44","guid":{"rendered":"https:\/\/ruidapacking.com\/?post_type=product&#038;p=8065"},"modified":"2025-04-25T17:41:03","modified_gmt":"2025-04-25T09:41:03","slug":"semi-automatic-capsule-filler-machine","status":"publish","type":"product","link":"https:\/\/ruidapacking.com\/vi\/product\/semi-automatic-capsule-filler-machine\/","title":{"rendered":"M\u00e1y chi\u1ebft vi\u00ean nang b\u00e1n t\u1ef1 \u0111\u1ed9ng"},"content":{"rendered":"","protected":false},"excerpt":{"rendered":"<p>M\u00e1y \u0111\u00f3ng nang b\u00e1n t\u1ef1 \u0111\u1ed9ng c\u00f3 th\u1ec3 \u0111\u00f3ng b\u1ed9t, h\u1ea1t, vi\u00ean v\u00e0 ch\u1ea5t l\u1ecfng v\u00e0o nang c\u1ee9ng, ph\u00f9 h\u1ee3p v\u1edbi k\u00edch th\u01b0\u1edbc nang #000-5.<\/p>","protected":false},"featured_media":9150,"template":"","meta":{"_sitemap_exclude":false,"_sitemap_priority":"","_sitemap_frequency":""},"product_categories":[17],"class_list":["post-8065","product","type-product","status-publish","has-post-thumbnail","hentry","product_categories-semi-automatic-capsule-filling-machine"],"acf":[],"_links":{"self":[{"href":"https:\/\/ruidapacking.com\/vi\/wp-json\/wp\/v2\/product\/8065","targetHints":{"allow":["GET"]}}],"collection":[{"href":"https:\/\/ruidapacking.com\/vi\/wp-json\/wp\/v2\/product"}],"about":[{"href":"https:\/\/ruidapacking.com\/vi\/wp-json\/wp\/v2\/types\/product"}],"wp:featuredmedia":[{"embeddable":true,"href":"https:\/\/ruidapacking.com\/vi\/wp-json\/wp\/v2\/media\/9150"}],"wp:attachment":[{"href":"https:\/\/ruidapacking.com\/vi\/wp-json\/wp\/v2\/media?parent=8065"}],"wp:term":[{"taxonomy":"product_categories","embeddable":true,"href":"https:\/\/ruidapacking.com\/vi\/wp-json\/wp\/v2\/product_categories?post=8065"}],"curies":[{"name":"wp","href":"https:\/\/api.w.org\/{rel}","templated":true}]}}