{"id":3018,"date":"2022-08-04T09:17:11","date_gmt":"2022-08-04T09:17:11","guid":{"rendered":"https:\/\/ruidapacking.com\/?post_type=product&#038;p=3018"},"modified":"2026-01-22T16:54:38","modified_gmt":"2026-01-22T08:54:38","slug":"zp-25d-rotary-tablet-press-machine","status":"publish","type":"product","link":"https:\/\/ruidapacking.com\/vi\/product\/zp-25d-rotary-tablet-press-machine\/","title":{"rendered":"M\u00e1y \u00e9p vi\u00ean n\u00e9n quay t\u1ed1c \u0111\u1ed9 cao"},"content":{"rendered":"","protected":false},"excerpt":{"rendered":"","protected":false},"featured_media":8500,"template":"","meta":{"_sitemap_exclude":false,"_sitemap_priority":"","_sitemap_frequency":""},"product_categories":[12],"class_list":["post-3018","product","type-product","status-publish","has-post-thumbnail","hentry","product_categories-tablet-press-machine"],"acf":[],"_links":{"self":[{"href":"https:\/\/ruidapacking.com\/vi\/wp-json\/wp\/v2\/product\/3018","targetHints":{"allow":["GET"]}}],"collection":[{"href":"https:\/\/ruidapacking.com\/vi\/wp-json\/wp\/v2\/product"}],"about":[{"href":"https:\/\/ruidapacking.com\/vi\/wp-json\/wp\/v2\/types\/product"}],"wp:featuredmedia":[{"embeddable":true,"href":"https:\/\/ruidapacking.com\/vi\/wp-json\/wp\/v2\/media\/8500"}],"wp:attachment":[{"href":"https:\/\/ruidapacking.com\/vi\/wp-json\/wp\/v2\/media?parent=3018"}],"wp:term":[{"taxonomy":"product_categories","embeddable":true,"href":"https:\/\/ruidapacking.com\/vi\/wp-json\/wp\/v2\/product_categories?post=3018"}],"curies":[{"name":"wp","href":"https:\/\/api.w.org\/{rel}","templated":true}]}}