{"id":2966,"date":"2024-08-25T08:29:55","date_gmt":"2024-08-25T00:29:55","guid":{"rendered":"https:\/\/ruidapacking.com\/?post_type=product&#038;p=2966"},"modified":"2025-11-12T20:22:54","modified_gmt":"2025-11-12T12:22:54","slug":"dph-270-roller-high-speed-blister-packing-machine","status":"publish","type":"product","link":"https:\/\/ruidapacking.com\/vi\/product\/dph-270-roller-high-speed-blister-packing-machine\/","title":{"rendered":"M\u00e1y \u0111\u00f3ng g\u00f3i v\u1ec9 t\u1ed1c \u0111\u1ed9 cao DPH-270"},"content":{"rendered":"","protected":false},"excerpt":{"rendered":"<p>M\u00e1y \u0111\u00f3ng g\u00f3i v\u1ec9 t\u1ed1c \u0111\u1ed9 cao DPH-270 \u0111\u01b0\u1ee3c s\u1eed d\u1ee5ng r\u1ed9ng r\u00e3i trong ng\u00e0nh d\u01b0\u1ee3c ph\u1ea9m \u0111\u1ec3 \u0111\u00f3ng g\u00f3i vi\u00ean n\u00e9n, vi\u00ean nang v\u00e0 c\u00e1c lo\u1ea1i thu\u1ed1c kh\u00e1c trong v\u1ec9 thu\u1ed1c.<\/p>","protected":false},"featured_media":15316,"template":"","meta":{"_sitemap_exclude":false,"_sitemap_priority":"","_sitemap_frequency":""},"product_categories":[13,25],"class_list":["post-2966","product","type-product","status-publish","has-post-thumbnail","hentry","product_categories-blister-packing-machine","product_categories-for-tablet-capsule-and-other-solids"],"acf":[],"_links":{"self":[{"href":"https:\/\/ruidapacking.com\/vi\/wp-json\/wp\/v2\/product\/2966","targetHints":{"allow":["GET"]}}],"collection":[{"href":"https:\/\/ruidapacking.com\/vi\/wp-json\/wp\/v2\/product"}],"about":[{"href":"https:\/\/ruidapacking.com\/vi\/wp-json\/wp\/v2\/types\/product"}],"wp:featuredmedia":[{"embeddable":true,"href":"https:\/\/ruidapacking.com\/vi\/wp-json\/wp\/v2\/media\/15316"}],"wp:attachment":[{"href":"https:\/\/ruidapacking.com\/vi\/wp-json\/wp\/v2\/media?parent=2966"}],"wp:term":[{"taxonomy":"product_categories","embeddable":true,"href":"https:\/\/ruidapacking.com\/vi\/wp-json\/wp\/v2\/product_categories?post=2966"}],"curies":[{"name":"wp","href":"https:\/\/api.w.org\/{rel}","templated":true}]}}