{"id":2830,"date":"2022-08-03T13:28:01","date_gmt":"2022-08-03T13:28:01","guid":{"rendered":"https:\/\/ruidapacking.com\/?post_type=product&#038;p=2830"},"modified":"2025-05-07T20:31:56","modified_gmt":"2025-05-07T12:31:56","slug":"8-lane-automatic-tablet-counting-machine","status":"publish","type":"product","link":"https:\/\/ruidapacking.com\/vi\/product\/8-lane-automatic-tablet-counting-machine\/","title":{"rendered":"M\u00e1y \u0111\u1ebfm vi\u00ean thu\u1ed1c t\u1ef1 \u0111\u1ed9ng 8 l\u00e0n"},"content":{"rendered":"","protected":false},"excerpt":{"rendered":"<p>M\u00e1y \u0111\u1ebfm vi\u00ean thu\u1ed1c t\u1ef1 \u0111\u1ed9ng 8 Lane \u0111\u01b0\u1ee3c thi\u1ebft k\u1ebf \u0111\u1ec3 \u0111\u1ebfm ch\u00ednh x\u00e1c vi\u00ean thu\u1ed1c, vi\u00ean nang trong nh\u00e0 m\u00e1y d\u01b0\u1ee3c ph\u1ea9m, ng\u00e0nh s\u1ea3n ph\u1ea9m ch\u0103m s\u00f3c s\u1ee9c kh\u1ecfe.<\/p>","protected":false},"featured_media":13871,"template":"","meta":{"_sitemap_exclude":false,"_sitemap_priority":"","_sitemap_frequency":""},"product_categories":[14],"class_list":["post-2830","product","type-product","status-publish","has-post-thumbnail","hentry","product_categories-automatic-counting-machine"],"acf":[],"_links":{"self":[{"href":"https:\/\/ruidapacking.com\/vi\/wp-json\/wp\/v2\/product\/2830","targetHints":{"allow":["GET"]}}],"collection":[{"href":"https:\/\/ruidapacking.com\/vi\/wp-json\/wp\/v2\/product"}],"about":[{"href":"https:\/\/ruidapacking.com\/vi\/wp-json\/wp\/v2\/types\/product"}],"wp:featuredmedia":[{"embeddable":true,"href":"https:\/\/ruidapacking.com\/vi\/wp-json\/wp\/v2\/media\/13871"}],"wp:attachment":[{"href":"https:\/\/ruidapacking.com\/vi\/wp-json\/wp\/v2\/media?parent=2830"}],"wp:term":[{"taxonomy":"product_categories","embeddable":true,"href":"https:\/\/ruidapacking.com\/vi\/wp-json\/wp\/v2\/product_categories?post=2830"}],"curies":[{"name":"wp","href":"https:\/\/api.w.org\/{rel}","templated":true}]}}