{"id":2779,"date":"2022-08-02T12:27:09","date_gmt":"2022-08-02T12:27:09","guid":{"rendered":"https:\/\/ruidapacking.com\/?post_type=product&#038;p=2779"},"modified":"2025-08-27T11:03:22","modified_gmt":"2025-08-27T03:03:22","slug":"njpl-330c-automatic-liquid-capsule-filling-machine","status":"publish","type":"product","link":"https:\/\/ruidapacking.com\/vi\/product\/njpl-330c-automatic-liquid-capsule-filling-machine\/","title":{"rendered":"M\u00e1y \u0110\u00f3ng G\u00f3i Vi\u00ean Nang L\u1ecfng T\u1ef1 \u0110\u1ed9ng NJPL-330C"},"content":{"rendered":"","protected":false},"excerpt":{"rendered":"<p>M\u00e1y \u0110\u00f3ng G\u00f3i Vi\u00ean Nang L\u1ecfng T\u1ef1 \u0110\u1ed9ng NJPL-330C \u0111i\u1ec1n v\u00e0 ni\u00eam phong d\u1ea7u, huy\u1ec1n ph\u00f9, b\u1ed9t nh\u00e3o v\u00e0 dung d\u1ecbch nh\u1edbt v\u00e0o vi\u00ean nang c\u1ee9ng (k\u00edch th\u01b0\u1edbc 00#\u20133#).<\/p>","protected":false},"featured_media":14756,"template":"","meta":{"_sitemap_exclude":false,"_sitemap_priority":"","_sitemap_frequency":""},"product_categories":[18],"class_list":["post-2779","product","type-product","status-publish","has-post-thumbnail","hentry","product_categories-liquid-capsule-filling-machine"],"acf":[],"_links":{"self":[{"href":"https:\/\/ruidapacking.com\/vi\/wp-json\/wp\/v2\/product\/2779","targetHints":{"allow":["GET"]}}],"collection":[{"href":"https:\/\/ruidapacking.com\/vi\/wp-json\/wp\/v2\/product"}],"about":[{"href":"https:\/\/ruidapacking.com\/vi\/wp-json\/wp\/v2\/types\/product"}],"wp:featuredmedia":[{"embeddable":true,"href":"https:\/\/ruidapacking.com\/vi\/wp-json\/wp\/v2\/media\/14756"}],"wp:attachment":[{"href":"https:\/\/ruidapacking.com\/vi\/wp-json\/wp\/v2\/media?parent=2779"}],"wp:term":[{"taxonomy":"product_categories","embeddable":true,"href":"https:\/\/ruidapacking.com\/vi\/wp-json\/wp\/v2\/product_categories?post=2779"}],"curies":[{"name":"wp","href":"https:\/\/api.w.org\/{rel}","templated":true}]}}