{"id":14096,"date":"2025-06-13T16:49:11","date_gmt":"2025-06-13T08:49:11","guid":{"rendered":"https:\/\/ruidapacking.com\/?post_type=product&#038;p=14096"},"modified":"2025-06-13T16:57:23","modified_gmt":"2025-06-13T08:57:23","slug":"liquid-filling-machine","status":"publish","type":"product","link":"https:\/\/ruidapacking.com\/vi\/product\/liquid-filling-machine\/","title":{"rendered":"M\u00e1y chi\u1ebft r\u00f3t ch\u1ea5t l\u1ecfng"},"content":{"rendered":"","protected":false},"excerpt":{"rendered":"<p>M\u00e1y chi\u1ebft r\u00f3t ch\u1ea5t l\u1ecfng t\u1ef1 \u0111\u1ed9ng ph\u00e2n ph\u1ed1i ch\u00ednh x\u00e1c c\u00e1c s\u1ea3n ph\u1ea9m d\u1ea1ng l\u1ecfng v\u00e0o c\u00e1c v\u1eadt ch\u1ee9a nh\u01b0 chai, l\u1ecd.<\/p>","protected":false},"featured_media":14100,"template":"","meta":{"_sitemap_exclude":false,"_sitemap_priority":"","_sitemap_frequency":""},"product_categories":[42],"class_list":["post-14096","product","type-product","status-publish","has-post-thumbnail","hentry","product_categories-all-automatic-counting-machine"],"acf":[],"_links":{"self":[{"href":"https:\/\/ruidapacking.com\/vi\/wp-json\/wp\/v2\/product\/14096","targetHints":{"allow":["GET"]}}],"collection":[{"href":"https:\/\/ruidapacking.com\/vi\/wp-json\/wp\/v2\/product"}],"about":[{"href":"https:\/\/ruidapacking.com\/vi\/wp-json\/wp\/v2\/types\/product"}],"wp:featuredmedia":[{"embeddable":true,"href":"https:\/\/ruidapacking.com\/vi\/wp-json\/wp\/v2\/media\/14100"}],"wp:attachment":[{"href":"https:\/\/ruidapacking.com\/vi\/wp-json\/wp\/v2\/media?parent=14096"}],"wp:term":[{"taxonomy":"product_categories","embeddable":true,"href":"https:\/\/ruidapacking.com\/vi\/wp-json\/wp\/v2\/product_categories?post=14096"}],"curies":[{"name":"wp","href":"https:\/\/api.w.org\/{rel}","templated":true}]}}