{"id":14023,"date":"2025-05-29T20:37:15","date_gmt":"2025-05-29T12:37:15","guid":{"rendered":"https:\/\/ruidapacking.com\/?post_type=product&#038;p=14023"},"modified":"2025-05-29T20:38:30","modified_gmt":"2025-05-29T12:38:30","slug":"effervescent-tablet-tube-filling-machine","status":"publish","type":"product","link":"https:\/\/ruidapacking.com\/vi\/product\/effervescent-tablet-tube-filling-machine\/","title":{"rendered":"M\u00e1y chi\u1ebft r\u00f3t \u1ed1ng vi\u00ean s\u1ee7i b\u1ecdt"},"content":{"rendered":"","protected":false},"excerpt":{"rendered":"<p>M\u00e1y \u0111\u00f3ng \u1ed1ng vi\u00ean s\u1ee7i t\u1ef1 \u0111\u1ed9ng \u0111\u00f3ng g\u00f3i ch\u00ednh x\u00e1c c\u00e1c vi\u00ean n\u00e9n h\u00f2a tan v\u00e0o \u1ed1ng nh\u1ef1a ho\u1eb7c \u1ed1ng nh\u00f4m.<\/p>","protected":false},"featured_media":14025,"template":"","meta":{"_sitemap_exclude":false,"_sitemap_priority":"","_sitemap_frequency":""},"product_categories":[42],"class_list":["post-14023","product","type-product","status-publish","has-post-thumbnail","hentry","product_categories-all-automatic-counting-machine"],"acf":[],"_links":{"self":[{"href":"https:\/\/ruidapacking.com\/vi\/wp-json\/wp\/v2\/product\/14023","targetHints":{"allow":["GET"]}}],"collection":[{"href":"https:\/\/ruidapacking.com\/vi\/wp-json\/wp\/v2\/product"}],"about":[{"href":"https:\/\/ruidapacking.com\/vi\/wp-json\/wp\/v2\/types\/product"}],"wp:featuredmedia":[{"embeddable":true,"href":"https:\/\/ruidapacking.com\/vi\/wp-json\/wp\/v2\/media\/14025"}],"wp:attachment":[{"href":"https:\/\/ruidapacking.com\/vi\/wp-json\/wp\/v2\/media?parent=14023"}],"wp:term":[{"taxonomy":"product_categories","embeddable":true,"href":"https:\/\/ruidapacking.com\/vi\/wp-json\/wp\/v2\/product_categories?post=14023"}],"curies":[{"name":"wp","href":"https:\/\/api.w.org\/{rel}","templated":true}]}}