{"id":13961,"date":"2025-05-22T20:01:04","date_gmt":"2025-05-22T12:01:04","guid":{"rendered":"https:\/\/ruidapacking.com\/?post_type=product&#038;p=13961"},"modified":"2025-06-03T10:57:45","modified_gmt":"2025-06-03T02:57:45","slug":"full-servo-blister-cartoner-line","status":"publish","type":"product","link":"https:\/\/ruidapacking.com\/vi\/product\/full-servo-blister-cartoner-line\/","title":{"rendered":"D\u00e2y chuy\u1ec1n \u0111\u00f3ng h\u1ed9p v\u1ec9 Servo \u0111\u1ea7y \u0111\u1ee7"},"content":{"rendered":"","protected":false},"excerpt":{"rendered":"<p>D\u00e2y chuy\u1ec1n \u0111\u00f3ng v\u1ec9 servo ho\u00e0n to\u00e0n t\u1ef1 \u0111\u1ed9ng h\u00f3a qu\u00e1 tr\u00ecnh ni\u00eam phong s\u1ea3n ph\u1ea9m (thu\u1ed1c vi\u00ean, vi\u00ean nang) trong v\u1ec9 nh\u1ef1a \u0111\u1ecbnh h\u00ecnh s\u1eb5n v\u00e0 \u0111\u00f3ng g\u00f3i v\u00e0o h\u1ed9p.<\/p>","protected":false},"featured_media":13963,"template":"","meta":{"_sitemap_exclude":false,"_sitemap_priority":"","_sitemap_frequency":""},"product_categories":[41],"class_list":["post-13961","product","type-product","status-publish","has-post-thumbnail","hentry","product_categories-all-blister-packing-machine"],"acf":[],"_links":{"self":[{"href":"https:\/\/ruidapacking.com\/vi\/wp-json\/wp\/v2\/product\/13961","targetHints":{"allow":["GET"]}}],"collection":[{"href":"https:\/\/ruidapacking.com\/vi\/wp-json\/wp\/v2\/product"}],"about":[{"href":"https:\/\/ruidapacking.com\/vi\/wp-json\/wp\/v2\/types\/product"}],"wp:featuredmedia":[{"embeddable":true,"href":"https:\/\/ruidapacking.com\/vi\/wp-json\/wp\/v2\/media\/13963"}],"wp:attachment":[{"href":"https:\/\/ruidapacking.com\/vi\/wp-json\/wp\/v2\/media?parent=13961"}],"wp:term":[{"taxonomy":"product_categories","embeddable":true,"href":"https:\/\/ruidapacking.com\/vi\/wp-json\/wp\/v2\/product_categories?post=13961"}],"curies":[{"name":"wp","href":"https:\/\/api.w.org\/{rel}","templated":true}]}}