{"id":13460,"date":"2025-02-19T16:55:37","date_gmt":"2025-02-19T08:55:37","guid":{"rendered":"https:\/\/ruidapacking.com\/?post_type=product&#038;p=13460"},"modified":"2026-03-27T16:38:07","modified_gmt":"2026-03-27T08:38:07","slug":"three-side-sealed-bag-sachet-packing-machine","status":"publish","type":"product","link":"https:\/\/ruidapacking.com\/vi\/product\/three-side-sealed-bag-sachet-packing-machine\/","title":{"rendered":"M\u00e1y \u0111\u00f3ng g\u00f3i t\u00fai k\u00edn ba m\u1eb7t"},"content":{"rendered":"","protected":false},"excerpt":{"rendered":"<p>M\u00e1y \u0111\u00f3ng g\u00f3i t\u00fai k\u00edn ba m\u1eb7t: c\u00f4ng ngh\u1ec7 VFFS t\u1ed1c \u0111\u1ed9 cao, ch\u00ednh x\u00e1c cho b\u1ed9t, h\u1ea1t v\u00e0 ch\u1ea5t l\u1ecfng. L\u00fd t\u01b0\u1edfng cho th\u1ef1c ph\u1ea9m, d\u01b0\u1ee3c ph\u1ea9m v\u00e0 h\u00f3a ch\u1ea5t.<\/p>","protected":false},"featured_media":14135,"template":"","meta":{"_sitemap_exclude":false,"_sitemap_priority":"","_sitemap_frequency":""},"product_categories":[76],"class_list":["post-13460","product","type-product","status-publish","has-post-thumbnail","hentry","product_categories-sachet-packing-machine"],"acf":[],"_links":{"self":[{"href":"https:\/\/ruidapacking.com\/vi\/wp-json\/wp\/v2\/product\/13460","targetHints":{"allow":["GET"]}}],"collection":[{"href":"https:\/\/ruidapacking.com\/vi\/wp-json\/wp\/v2\/product"}],"about":[{"href":"https:\/\/ruidapacking.com\/vi\/wp-json\/wp\/v2\/types\/product"}],"wp:featuredmedia":[{"embeddable":true,"href":"https:\/\/ruidapacking.com\/vi\/wp-json\/wp\/v2\/media\/14135"}],"wp:attachment":[{"href":"https:\/\/ruidapacking.com\/vi\/wp-json\/wp\/v2\/media?parent=13460"}],"wp:term":[{"taxonomy":"product_categories","embeddable":true,"href":"https:\/\/ruidapacking.com\/vi\/wp-json\/wp\/v2\/product_categories?post=13460"}],"curies":[{"name":"wp","href":"https:\/\/api.w.org\/{rel}","templated":true}]}}