{"id":13276,"date":"2026-02-10T11:10:17","date_gmt":"2026-02-10T03:10:17","guid":{"rendered":"https:\/\/ruidapacking.com\/?post_type=product&#038;p=13276"},"modified":"2026-02-10T18:27:55","modified_gmt":"2026-02-10T10:27:55","slug":"capsule-count-bottle-filling-line","status":"publish","type":"product","link":"https:\/\/ruidapacking.com\/vi\/product\/capsule-count-bottle-filling-line\/","title":{"rendered":"D\u00e2y chuy\u1ec1n chi\u1ebft r\u00f3t chai \u0111\u1ebfm vi\u00ean nang"},"content":{"rendered":"","protected":false},"excerpt":{"rendered":"<p>D\u00e2y chuy\u1ec1n chi\u1ebft chai \u0111\u1ebfm vi\u00ean nang bao g\u1ed3m m\u00e1y \u0111\u1ea3o chai, m\u00e1y \u0111\u1ebfm, m\u00e1y ki\u1ec3m tra tr\u1ecdng l\u01b0\u1ee3ng, m\u00e1y \u0111\u01b0a ch\u1ea5t h\u00fat \u1ea9m, m\u00e1y \u0111\u00f3ng n\u1eafp, m\u00e1y d\u00e1n nh\u00e3n v\u00e0 m\u00e1y d\u00e1n nh\u00e3n d\u1ea7u nh\u00f4m.<\/p>","protected":false},"featured_media":13277,"template":"","meta":{"_sitemap_exclude":false,"_sitemap_priority":"","_sitemap_frequency":""},"product_categories":[42],"class_list":["post-13276","product","type-product","status-publish","has-post-thumbnail","hentry","product_categories-all-automatic-counting-machine"],"acf":[],"_links":{"self":[{"href":"https:\/\/ruidapacking.com\/vi\/wp-json\/wp\/v2\/product\/13276","targetHints":{"allow":["GET"]}}],"collection":[{"href":"https:\/\/ruidapacking.com\/vi\/wp-json\/wp\/v2\/product"}],"about":[{"href":"https:\/\/ruidapacking.com\/vi\/wp-json\/wp\/v2\/types\/product"}],"wp:featuredmedia":[{"embeddable":true,"href":"https:\/\/ruidapacking.com\/vi\/wp-json\/wp\/v2\/media\/13277"}],"wp:attachment":[{"href":"https:\/\/ruidapacking.com\/vi\/wp-json\/wp\/v2\/media?parent=13276"}],"wp:term":[{"taxonomy":"product_categories","embeddable":true,"href":"https:\/\/ruidapacking.com\/vi\/wp-json\/wp\/v2\/product_categories?post=13276"}],"curies":[{"name":"wp","href":"https:\/\/api.w.org\/{rel}","templated":true}]}}