{"id":13260,"date":"2025-01-14T15:32:39","date_gmt":"2025-01-14T07:32:39","guid":{"rendered":"https:\/\/ruidapacking.com\/?post_type=product&#038;p=13260"},"modified":"2026-04-03T14:03:48","modified_gmt":"2026-04-03T06:03:48","slug":"full-servo-horizontal-cartoner","status":"publish","type":"product","link":"https:\/\/ruidapacking.com\/vi\/product\/full-servo-horizontal-cartoner\/","title":{"rendered":"M\u00e1y \u0111\u00f3ng h\u1ed9p ngang Servo to\u00e0n ph\u1ea7n"},"content":{"rendered":"","protected":false},"excerpt":{"rendered":"<p>M\u00e1y \u0111\u00f3ng h\u1ed9p ngang Full Servo cung c\u1ea5p d\u1ecbch v\u1ee5 \u0111\u00f3ng g\u00f3i t\u1ef1 \u0111\u1ed9ng hi\u1ec7u qu\u1ea3, \u0111\u1ea3m b\u1ea3o \u0111\u1eb7t v\u1ec9 ch\u00ednh x\u00e1c, v\u1eadn h\u00e0nh t\u1ed1c \u0111\u1ed9 cao v\u00e0 an to\u00e0n.<\/p>","protected":false},"featured_media":13261,"template":"","meta":{"_sitemap_exclude":false,"_sitemap_priority":"","_sitemap_frequency":""},"product_categories":[43],"class_list":["post-13260","product","type-product","status-publish","has-post-thumbnail","hentry","product_categories-all-cartoning-machine"],"acf":[],"_links":{"self":[{"href":"https:\/\/ruidapacking.com\/vi\/wp-json\/wp\/v2\/product\/13260","targetHints":{"allow":["GET"]}}],"collection":[{"href":"https:\/\/ruidapacking.com\/vi\/wp-json\/wp\/v2\/product"}],"about":[{"href":"https:\/\/ruidapacking.com\/vi\/wp-json\/wp\/v2\/types\/product"}],"wp:featuredmedia":[{"embeddable":true,"href":"https:\/\/ruidapacking.com\/vi\/wp-json\/wp\/v2\/media\/13261"}],"wp:attachment":[{"href":"https:\/\/ruidapacking.com\/vi\/wp-json\/wp\/v2\/media?parent=13260"}],"wp:term":[{"taxonomy":"product_categories","embeddable":true,"href":"https:\/\/ruidapacking.com\/vi\/wp-json\/wp\/v2\/product_categories?post=13260"}],"curies":[{"name":"wp","href":"https:\/\/api.w.org\/{rel}","templated":true}]}}