{"id":13246,"date":"2025-01-14T15:15:26","date_gmt":"2025-01-14T07:15:26","guid":{"rendered":"https:\/\/ruidapacking.com\/?post_type=product&#038;p=13246"},"modified":"2025-01-14T15:16:33","modified_gmt":"2025-01-14T07:16:33","slug":"6-lanes-sachet-packing-machine","status":"publish","type":"product","link":"https:\/\/ruidapacking.com\/vi\/product\/6-lanes-sachet-packing-machine\/","title":{"rendered":"M\u00e1y \u0111\u00f3ng g\u00f3i 6 l\u00e0n"},"content":{"rendered":"","protected":false},"excerpt":{"rendered":"<p>M\u00e1y \u0111\u00f3ng g\u00f3i 6 l\u00e0n cung c\u1ea5p kh\u1ea3 n\u0103ng chi\u1ebft r\u00f3t t\u1ed1c \u0111\u1ed9 cao, ch\u00ednh x\u00e1c, gi\u1ea3m l\u00e3ng ph\u00ed v\u1eadt li\u1ec7u, t\u00f9y ch\u1ec9nh v\u00e0 \u0111\u00f3ng g\u00f3i h\u1ee3p v\u1ec7 sinh, \u0111\u00e1ng tin c\u1eady cho nhi\u1ec1u s\u1ea3n ph\u1ea9m kh\u00e1c nhau.<\/p>","protected":false},"featured_media":13247,"template":"","meta":{"_sitemap_exclude":false,"_sitemap_priority":"","_sitemap_frequency":""},"product_categories":[43],"class_list":["post-13246","product","type-product","status-publish","has-post-thumbnail","hentry","product_categories-all-cartoning-machine"],"acf":[],"_links":{"self":[{"href":"https:\/\/ruidapacking.com\/vi\/wp-json\/wp\/v2\/product\/13246","targetHints":{"allow":["GET"]}}],"collection":[{"href":"https:\/\/ruidapacking.com\/vi\/wp-json\/wp\/v2\/product"}],"about":[{"href":"https:\/\/ruidapacking.com\/vi\/wp-json\/wp\/v2\/types\/product"}],"wp:featuredmedia":[{"embeddable":true,"href":"https:\/\/ruidapacking.com\/vi\/wp-json\/wp\/v2\/media\/13247"}],"wp:attachment":[{"href":"https:\/\/ruidapacking.com\/vi\/wp-json\/wp\/v2\/media?parent=13246"}],"wp:term":[{"taxonomy":"product_categories","embeddable":true,"href":"https:\/\/ruidapacking.com\/vi\/wp-json\/wp\/v2\/product_categories?post=13246"}],"curies":[{"name":"wp","href":"https:\/\/api.w.org\/{rel}","templated":true}]}}