{"id":13192,"date":"2026-02-10T11:44:28","date_gmt":"2026-02-10T03:44:28","guid":{"rendered":"https:\/\/ruidapacking.com\/?post_type=product&#038;p=13192"},"modified":"2026-02-10T18:28:23","modified_gmt":"2026-02-10T10:28:23","slug":"capsule-counting-filling-line","status":"publish","type":"product","link":"https:\/\/ruidapacking.com\/vi\/product\/capsule-counting-filling-line\/","title":{"rendered":"D\u00e2y chuy\u1ec1n chi\u1ebft r\u00f3t \u0111\u1ebfm vi\u00ean nang"},"content":{"rendered":"","protected":false},"excerpt":{"rendered":"<p>D\u00e2y chuy\u1ec1n chi\u1ebft \u0111\u1ebfm vi\u00ean nang d\u00f9ng \u0111\u1ec3 chi\u1ebft r\u00f3t v\u00e0o chai v\u1edbi s\u1ed1 l\u01b0\u1ee3ng ch\u00ednh x\u00e1c t\u1eebng s\u1ea3n ph\u1ea9m ri\u00eang l\u1ebb, ch\u1eb3ng h\u1ea1n nh\u01b0 vi\u00ean n\u00e9n, vi\u00ean nang ho\u1eb7c c\u00e1c s\u1ea3n ph\u1ea9m nh\u1ecf kh\u00e1c. <\/p>","protected":false},"featured_media":13204,"template":"","meta":{"_sitemap_exclude":false,"_sitemap_priority":"","_sitemap_frequency":""},"product_categories":[41],"class_list":["post-13192","product","type-product","status-publish","has-post-thumbnail","hentry","product_categories-all-blister-packing-machine"],"acf":[],"_links":{"self":[{"href":"https:\/\/ruidapacking.com\/vi\/wp-json\/wp\/v2\/product\/13192","targetHints":{"allow":["GET"]}}],"collection":[{"href":"https:\/\/ruidapacking.com\/vi\/wp-json\/wp\/v2\/product"}],"about":[{"href":"https:\/\/ruidapacking.com\/vi\/wp-json\/wp\/v2\/types\/product"}],"wp:featuredmedia":[{"embeddable":true,"href":"https:\/\/ruidapacking.com\/vi\/wp-json\/wp\/v2\/media\/13204"}],"wp:attachment":[{"href":"https:\/\/ruidapacking.com\/vi\/wp-json\/wp\/v2\/media?parent=13192"}],"wp:term":[{"taxonomy":"product_categories","embeddable":true,"href":"https:\/\/ruidapacking.com\/vi\/wp-json\/wp\/v2\/product_categories?post=13192"}],"curies":[{"name":"wp","href":"https:\/\/api.w.org\/{rel}","templated":true}]}}