{"id":13184,"date":"2026-02-10T10:05:39","date_gmt":"2026-02-10T02:05:39","guid":{"rendered":"https:\/\/ruidapacking.com\/?post_type=product&#038;p=13184"},"modified":"2026-02-10T18:25:12","modified_gmt":"2026-02-10T10:25:12","slug":"high-speed-flow-wrapper","status":"publish","type":"product","link":"https:\/\/ruidapacking.com\/vi\/product\/high-speed-flow-wrapper\/","title":{"rendered":"M\u00e1y \u0111\u00f3ng g\u00f3i d\u00f2ng ch\u1ea3y t\u1ed1c \u0111\u1ed9 cao"},"content":{"rendered":"","protected":false},"excerpt":{"rendered":"<p>M\u00e1y \u0111\u00f3ng g\u00f3i t\u1ed1c \u0111\u1ed9 cao cung c\u1ea5p d\u1ecbch v\u1ee5 \u0111\u00f3ng g\u00f3i nhanh ch\u00f3ng, hi\u1ec7u qu\u1ea3, gi\u1ea3m chi ph\u00ed nh\u00e2n c\u00f4ng, c\u1ea3i thi\u1ec7n t\u00ednh \u0111\u1ed3ng nh\u1ea5t v\u00e0 t\u0103ng s\u1ea3n l\u01b0\u1ee3ng cho c\u00e1c ho\u1ea1t \u0111\u1ed9ng kh\u1ed1i l\u01b0\u1ee3ng l\u1edbn.<\/p>","protected":false},"featured_media":13185,"template":"","meta":{"_sitemap_exclude":false,"_sitemap_priority":"","_sitemap_frequency":""},"product_categories":[41],"class_list":["post-13184","product","type-product","status-publish","has-post-thumbnail","hentry","product_categories-all-blister-packing-machine"],"acf":[],"_links":{"self":[{"href":"https:\/\/ruidapacking.com\/vi\/wp-json\/wp\/v2\/product\/13184","targetHints":{"allow":["GET"]}}],"collection":[{"href":"https:\/\/ruidapacking.com\/vi\/wp-json\/wp\/v2\/product"}],"about":[{"href":"https:\/\/ruidapacking.com\/vi\/wp-json\/wp\/v2\/types\/product"}],"wp:featuredmedia":[{"embeddable":true,"href":"https:\/\/ruidapacking.com\/vi\/wp-json\/wp\/v2\/media\/13185"}],"wp:attachment":[{"href":"https:\/\/ruidapacking.com\/vi\/wp-json\/wp\/v2\/media?parent=13184"}],"wp:term":[{"taxonomy":"product_categories","embeddable":true,"href":"https:\/\/ruidapacking.com\/vi\/wp-json\/wp\/v2\/product_categories?post=13184"}],"curies":[{"name":"wp","href":"https:\/\/api.w.org\/{rel}","templated":true}]}}