{"id":13182,"date":"2025-01-13T21:17:17","date_gmt":"2025-01-13T13:17:17","guid":{"rendered":"https:\/\/ruidapacking.com\/?post_type=product&#038;p=13182"},"modified":"2025-01-13T21:17:19","modified_gmt":"2025-01-13T13:17:19","slug":"ccd-camera-detection-visual-counting-machine","status":"publish","type":"product","link":"https:\/\/ruidapacking.com\/vi\/product\/ccd-camera-detection-visual-counting-machine\/","title":{"rendered":"M\u00e1y \u0111\u1ebfm h\u00ecnh \u1ea3nh ph\u00e1t hi\u1ec7n camera CCD"},"content":{"rendered":"","protected":false},"excerpt":{"rendered":"<p>M\u00e1y \u0111\u1ebfm tr\u1ef1c quan ph\u00e1t hi\u1ec7n camera CCD c\u00f3 \u0111\u1ed9 ch\u00ednh x\u00e1c 100% v\u00e0 kh\u1ea3 n\u0103ng ph\u00e1t hi\u1ec7n camera CCD, c\u00f3 th\u1ec3 lo\u1ea1i b\u1ecf c\u00e1c v\u1eadt li\u1ec7u c\u00f3 m\u00e0u s\u1eafc v\u00e0 k\u00edch th\u01b0\u1edbc kh\u00e1c nhau.<\/p>","protected":false},"featured_media":13183,"template":"","meta":{"_sitemap_exclude":false,"_sitemap_priority":"","_sitemap_frequency":""},"product_categories":[42],"class_list":["post-13182","product","type-product","status-publish","has-post-thumbnail","hentry","product_categories-all-automatic-counting-machine"],"acf":[],"_links":{"self":[{"href":"https:\/\/ruidapacking.com\/vi\/wp-json\/wp\/v2\/product\/13182","targetHints":{"allow":["GET"]}}],"collection":[{"href":"https:\/\/ruidapacking.com\/vi\/wp-json\/wp\/v2\/product"}],"about":[{"href":"https:\/\/ruidapacking.com\/vi\/wp-json\/wp\/v2\/types\/product"}],"wp:featuredmedia":[{"embeddable":true,"href":"https:\/\/ruidapacking.com\/vi\/wp-json\/wp\/v2\/media\/13183"}],"wp:attachment":[{"href":"https:\/\/ruidapacking.com\/vi\/wp-json\/wp\/v2\/media?parent=13182"}],"wp:term":[{"taxonomy":"product_categories","embeddable":true,"href":"https:\/\/ruidapacking.com\/vi\/wp-json\/wp\/v2\/product_categories?post=13182"}],"curies":[{"name":"wp","href":"https:\/\/api.w.org\/{rel}","templated":true}]}}