{"id":12823,"date":"2024-12-06T18:52:50","date_gmt":"2024-12-06T10:52:50","guid":{"rendered":"https:\/\/ruidapacking.com\/?post_type=product&#038;p=12823"},"modified":"2024-12-06T18:52:51","modified_gmt":"2024-12-06T10:52:51","slug":"dph-270max-blister-packaging-machine","status":"publish","type":"product","link":"https:\/\/ruidapacking.com\/vi\/product\/dph-270max-blister-packaging-machine\/","title":{"rendered":"M\u00e1y \u0111\u00f3ng g\u00f3i v\u1ec9 DPH-270Max"},"content":{"rendered":"","protected":false},"excerpt":{"rendered":"<p>M\u00e1y \u0111\u00f3ng g\u00f3i v\u1ec9 DPH-270Max li\u00ean quan \u0111\u1ebfn quy tr\u00ecnh t\u1ef1 \u0111\u1ed9ng \u0111\u00f3ng g\u00f3i s\u1ea3n ph\u1ea9m v\u00e0o v\u1ec9 \u0111\u00e3 \u0111\u1ecbnh h\u00ecnh s\u1eb5n b\u1eb1ng v\u1ec9 v\u00e0 gi\u1ea5y b\u1ea1c.<\/p>","protected":false},"featured_media":12824,"template":"","meta":{"_sitemap_exclude":false,"_sitemap_priority":"","_sitemap_frequency":""},"product_categories":[41],"class_list":["post-12823","product","type-product","status-publish","has-post-thumbnail","hentry","product_categories-all-blister-packing-machine"],"acf":[],"_links":{"self":[{"href":"https:\/\/ruidapacking.com\/vi\/wp-json\/wp\/v2\/product\/12823","targetHints":{"allow":["GET"]}}],"collection":[{"href":"https:\/\/ruidapacking.com\/vi\/wp-json\/wp\/v2\/product"}],"about":[{"href":"https:\/\/ruidapacking.com\/vi\/wp-json\/wp\/v2\/types\/product"}],"wp:featuredmedia":[{"embeddable":true,"href":"https:\/\/ruidapacking.com\/vi\/wp-json\/wp\/v2\/media\/12824"}],"wp:attachment":[{"href":"https:\/\/ruidapacking.com\/vi\/wp-json\/wp\/v2\/media?parent=12823"}],"wp:term":[{"taxonomy":"product_categories","embeddable":true,"href":"https:\/\/ruidapacking.com\/vi\/wp-json\/wp\/v2\/product_categories?post=12823"}],"curies":[{"name":"wp","href":"https:\/\/api.w.org\/{rel}","templated":true}]}}