{"id":12813,"date":"2024-12-06T17:02:33","date_gmt":"2024-12-06T09:02:33","guid":{"rendered":"https:\/\/ruidapacking.com\/?post_type=product&#038;p=12813"},"modified":"2024-12-24T17:59:20","modified_gmt":"2024-12-24T09:59:20","slug":"capsule-bottling-line","status":"publish","type":"product","link":"https:\/\/ruidapacking.com\/vi\/product\/capsule-bottling-line\/","title":{"rendered":"D\u00e2y chuy\u1ec1n \u0111\u00f3ng chai vi\u00ean nang"},"content":{"rendered":"","protected":false},"excerpt":{"rendered":"<p>D\u00e2y chuy\u1ec1n \u0111\u00f3ng vi\u00ean nang \u0111\u01b0\u1ee3c thi\u1ebft k\u1ebf \u0111\u1ec3 \u0111\u1ebfm, chi\u1ebft v\u00e0 \u0111\u00f3ng vi\u00ean nang v\u00e0o chai. D\u00e2y chuy\u1ec1n t\u00edch h\u1ee3p nhi\u1ec1u m\u00e1y m\u00f3c kh\u00e1c nhau \u0111\u1ec3 \u0111\u1ea3m b\u1ea3o \u0111\u00f3ng chai hi\u1ec7u qu\u1ea3 v\u00e0 ch\u00ednh x\u00e1c.<\/p>","protected":false},"featured_media":10837,"template":"","meta":{"_sitemap_exclude":false,"_sitemap_priority":"","_sitemap_frequency":""},"product_categories":[42],"class_list":["post-12813","product","type-product","status-publish","has-post-thumbnail","hentry","product_categories-all-automatic-counting-machine"],"acf":[],"_links":{"self":[{"href":"https:\/\/ruidapacking.com\/vi\/wp-json\/wp\/v2\/product\/12813","targetHints":{"allow":["GET"]}}],"collection":[{"href":"https:\/\/ruidapacking.com\/vi\/wp-json\/wp\/v2\/product"}],"about":[{"href":"https:\/\/ruidapacking.com\/vi\/wp-json\/wp\/v2\/types\/product"}],"wp:featuredmedia":[{"embeddable":true,"href":"https:\/\/ruidapacking.com\/vi\/wp-json\/wp\/v2\/media\/10837"}],"wp:attachment":[{"href":"https:\/\/ruidapacking.com\/vi\/wp-json\/wp\/v2\/media?parent=12813"}],"wp:term":[{"taxonomy":"product_categories","embeddable":true,"href":"https:\/\/ruidapacking.com\/vi\/wp-json\/wp\/v2\/product_categories?post=12813"}],"curies":[{"name":"wp","href":"https:\/\/api.w.org\/{rel}","templated":true}]}}