{"id":12794,"date":"2024-12-06T16:13:18","date_gmt":"2024-12-06T08:13:18","guid":{"rendered":"https:\/\/ruidapacking.com\/?post_type=product&#038;p=12794"},"modified":"2025-01-02T21:08:04","modified_gmt":"2025-01-02T13:08:04","slug":"8-lane-reject-inspection-count-bottling-machine","status":"publish","type":"product","link":"https:\/\/ruidapacking.com\/vi\/product\/8-lane-reject-inspection-count-bottling-machine\/","title":{"rendered":"M\u00e1y \u0111\u00f3ng chai ki\u1ec3m tra lo\u1ea1i b\u1ecf 8 l\u00e0n"},"content":{"rendered":"","protected":false},"excerpt":{"rendered":"<p>M\u00e1y \u0111\u00f3ng chai \u0111\u1ebfm s\u1ed1 l\u01b0\u1ee3ng chai b\u1ecb lo\u1ea1i b\u1ecf 8 Lane bao g\u1ed3m ch\u1ee9c n\u0103ng \u0111\u1ebfm, ph\u00e1t hi\u1ec7n v\u00e0 lo\u1ea1i b\u1ecf t\u1ef1 \u0111\u1ed9ng c\u00e1c chai b\u1ecb l\u1ed7i ho\u1eb7c kh\u00f4ng \u0111\u00fang quy c\u00e1ch.<\/p>","protected":false},"featured_media":12799,"template":"","meta":{"_sitemap_exclude":false,"_sitemap_priority":"","_sitemap_frequency":""},"product_categories":[42],"class_list":["post-12794","product","type-product","status-publish","has-post-thumbnail","hentry","product_categories-all-automatic-counting-machine"],"acf":[],"_links":{"self":[{"href":"https:\/\/ruidapacking.com\/vi\/wp-json\/wp\/v2\/product\/12794","targetHints":{"allow":["GET"]}}],"collection":[{"href":"https:\/\/ruidapacking.com\/vi\/wp-json\/wp\/v2\/product"}],"about":[{"href":"https:\/\/ruidapacking.com\/vi\/wp-json\/wp\/v2\/types\/product"}],"wp:featuredmedia":[{"embeddable":true,"href":"https:\/\/ruidapacking.com\/vi\/wp-json\/wp\/v2\/media\/12799"}],"wp:attachment":[{"href":"https:\/\/ruidapacking.com\/vi\/wp-json\/wp\/v2\/media?parent=12794"}],"wp:term":[{"taxonomy":"product_categories","embeddable":true,"href":"https:\/\/ruidapacking.com\/vi\/wp-json\/wp\/v2\/product_categories?post=12794"}],"curies":[{"name":"wp","href":"https:\/\/api.w.org\/{rel}","templated":true}]}}