{"id":12718,"date":"2024-11-26T19:59:55","date_gmt":"2024-11-26T11:59:55","guid":{"rendered":"https:\/\/ruidapacking.com\/?post_type=product&#038;p=12718"},"modified":"2024-11-26T20:00:54","modified_gmt":"2024-11-26T12:00:54","slug":"tablet-sorting-screening-machine","status":"publish","type":"product","link":"https:\/\/ruidapacking.com\/vi\/product\/tablet-sorting-screening-machine\/","title":{"rendered":"M\u00e1y s\u00e0ng l\u1ecdc vi\u00ean n\u00e9n"},"content":{"rendered":"","protected":false},"excerpt":{"rendered":"<p>M\u00e1y s\u00e0ng ph\u00e2n lo\u1ea1i vi\u00ean n\u00e9n \u0111\u01b0\u1ee3c s\u1eed d\u1ee5ng \u0111\u1ec3 lo\u1ea1i b\u1ecf b\u1ed9t th\u1eeba ra kh\u1ecfi vi\u00ean n\u00e9n sau khi n\u00e9n, \u0111\u1ea3m b\u1ea3o vi\u00ean n\u00e9n s\u1ea1ch v\u00e0 s\u1eb5n s\u00e0ng cho qu\u00e1 tr\u00ecnh x\u1eed l\u00fd ho\u1eb7c \u0111\u00f3ng g\u00f3i ti\u1ebfp theo.<\/p>","protected":false},"featured_media":12719,"template":"","meta":{"_sitemap_exclude":false,"_sitemap_priority":"","_sitemap_frequency":""},"product_categories":[40],"class_list":["post-12718","product","type-product","status-publish","has-post-thumbnail","hentry","product_categories-all-tablet-press-machine"],"acf":[],"_links":{"self":[{"href":"https:\/\/ruidapacking.com\/vi\/wp-json\/wp\/v2\/product\/12718","targetHints":{"allow":["GET"]}}],"collection":[{"href":"https:\/\/ruidapacking.com\/vi\/wp-json\/wp\/v2\/product"}],"about":[{"href":"https:\/\/ruidapacking.com\/vi\/wp-json\/wp\/v2\/types\/product"}],"wp:featuredmedia":[{"embeddable":true,"href":"https:\/\/ruidapacking.com\/vi\/wp-json\/wp\/v2\/media\/12719"}],"wp:attachment":[{"href":"https:\/\/ruidapacking.com\/vi\/wp-json\/wp\/v2\/media?parent=12718"}],"wp:term":[{"taxonomy":"product_categories","embeddable":true,"href":"https:\/\/ruidapacking.com\/vi\/wp-json\/wp\/v2\/product_categories?post=12718"}],"curies":[{"name":"wp","href":"https:\/\/api.w.org\/{rel}","templated":true}]}}