{"id":11369,"date":"2024-10-12T11:41:24","date_gmt":"2024-10-12T03:41:24","guid":{"rendered":"https:\/\/ruidapacking.com\/?post_type=product&#038;p=11369"},"modified":"2025-03-20T19:30:46","modified_gmt":"2025-03-20T11:30:46","slug":"tablet-capsule-counting-line","status":"publish","type":"product","link":"https:\/\/ruidapacking.com\/vi\/product\/tablet-capsule-counting-line\/","title":{"rendered":"D\u00e2y chuy\u1ec1n \u0111\u1ebfm vi\u00ean nang"},"content":{"rendered":"","protected":false},"excerpt":{"rendered":"<p>D\u00e2y chuy\u1ec1n \u0111\u1ebfm vi\u00ean nang thu\u1ed1c l\u00e0 m\u1ed9t lo\u1ea1i m\u00e1y chuy\u00ean d\u1ee5ng \u0111\u01b0\u1ee3c s\u1eed d\u1ee5ng trong ng\u00e0nh d\u01b0\u1ee3c ph\u1ea9m \u0111\u1ec3 \u0111\u1ebfm v\u00e0 \u0111\u00f3ng g\u00f3i ch\u00ednh x\u00e1c vi\u00ean n\u00e9n, vi\u00ean nang ho\u1eb7c c\u00e1c lo\u1ea1i thu\u1ed1c kh\u00e1c.<\/p>","protected":false},"featured_media":11370,"template":"","meta":{"_sitemap_exclude":false,"_sitemap_priority":"","_sitemap_frequency":""},"product_categories":[42],"class_list":["post-11369","product","type-product","status-publish","has-post-thumbnail","hentry","product_categories-all-automatic-counting-machine"],"acf":[],"_links":{"self":[{"href":"https:\/\/ruidapacking.com\/vi\/wp-json\/wp\/v2\/product\/11369","targetHints":{"allow":["GET"]}}],"collection":[{"href":"https:\/\/ruidapacking.com\/vi\/wp-json\/wp\/v2\/product"}],"about":[{"href":"https:\/\/ruidapacking.com\/vi\/wp-json\/wp\/v2\/types\/product"}],"wp:featuredmedia":[{"embeddable":true,"href":"https:\/\/ruidapacking.com\/vi\/wp-json\/wp\/v2\/media\/11370"}],"wp:attachment":[{"href":"https:\/\/ruidapacking.com\/vi\/wp-json\/wp\/v2\/media?parent=11369"}],"wp:term":[{"taxonomy":"product_categories","embeddable":true,"href":"https:\/\/ruidapacking.com\/vi\/wp-json\/wp\/v2\/product_categories?post=11369"}],"curies":[{"name":"wp","href":"https:\/\/api.w.org\/{rel}","templated":true}]}}