{"id":11123,"date":"2024-09-20T10:21:31","date_gmt":"2024-09-20T02:21:31","guid":{"rendered":"https:\/\/ruidapacking.com\/?post_type=product&#038;p=11123"},"modified":"2025-04-17T10:11:07","modified_gmt":"2025-04-17T02:11:07","slug":"three-color-tablet-press-machine","status":"publish","type":"product","link":"https:\/\/ruidapacking.com\/vi\/product\/three-color-tablet-press-machine\/","title":{"rendered":"M\u00e1y \u00e9p vi\u00ean n\u00e9n ba m\u00e0u"},"content":{"rendered":"","protected":false},"excerpt":{"rendered":"<p>M\u00e1y \u00e9p vi\u00ean ba m\u00e0u c\u00f3 th\u1ec3 \u00e9p b\u1ed9t, h\u1ea1t v\u00e0 vi\u00ean n\u00e9n th\u00e0nh c\u00e1c lo\u1ea1i vi\u00ean n\u00e9n kh\u00e1c nhau, \u0111\u01b0\u1ee3c s\u1eed d\u1ee5ng r\u1ed9ng r\u00e3i trong ng\u00e0nh d\u01b0\u1ee3c ph\u1ea9m, th\u1ef1c ph\u1ea9m ch\u1ee9c n\u0103ng, th\u1ef1c ph\u1ea9m v\u00e0 c\u00e1c ng\u00e0nh c\u00f4ng nghi\u1ec7p kh\u00e1c.<\/p>","protected":false},"featured_media":11120,"template":"","meta":{"_sitemap_exclude":false,"_sitemap_priority":"","_sitemap_frequency":""},"product_categories":[40],"class_list":["post-11123","product","type-product","status-publish","has-post-thumbnail","hentry","product_categories-all-tablet-press-machine"],"acf":[],"_links":{"self":[{"href":"https:\/\/ruidapacking.com\/vi\/wp-json\/wp\/v2\/product\/11123","targetHints":{"allow":["GET"]}}],"collection":[{"href":"https:\/\/ruidapacking.com\/vi\/wp-json\/wp\/v2\/product"}],"about":[{"href":"https:\/\/ruidapacking.com\/vi\/wp-json\/wp\/v2\/types\/product"}],"wp:featuredmedia":[{"embeddable":true,"href":"https:\/\/ruidapacking.com\/vi\/wp-json\/wp\/v2\/media\/11120"}],"wp:attachment":[{"href":"https:\/\/ruidapacking.com\/vi\/wp-json\/wp\/v2\/media?parent=11123"}],"wp:term":[{"taxonomy":"product_categories","embeddable":true,"href":"https:\/\/ruidapacking.com\/vi\/wp-json\/wp\/v2\/product_categories?post=11123"}],"curies":[{"name":"wp","href":"https:\/\/api.w.org\/{rel}","templated":true}]}}