{"id":15034,"date":"2025-09-25T23:26:45","date_gmt":"2025-09-25T15:26:45","guid":{"rendered":"https:\/\/ruidapacking.com\/?page_id=15034"},"modified":"2025-09-26T10:31:57","modified_gmt":"2025-09-26T02:31:57","slug":"privacy-policy","status":"publish","type":"page","link":"https:\/\/ruidapacking.com\/vi\/privacy-policy\/","title":{"rendered":"Ch\u00ednh s\u00e1ch b\u1ea3o m\u1eadt"},"content":{"rendered":"<div data-elementor-type=\"wp-page\" data-elementor-id=\"15034\" class=\"elementor elementor-15034\" data-elementor-post-type=\"page\">\n\t\t\t\t<div class=\"elementor-element elementor-element-79a1883d e-flex e-con-boxed e-con e-parent\" data-id=\"79a1883d\" data-element_type=\"container\" data-e-type=\"container\">\n\t\t\t\t\t<div class=\"e-con-inner\">\n\t\t\t\t<div class=\"elementor-element elementor-element-307258e6 elementor-widget elementor-widget-text-editor\" data-id=\"307258e6\" data-element_type=\"widget\" data-e-type=\"widget\" data-widget_type=\"text-editor.default\">\n\t\t\t\t<div class=\"elementor-widget-container\">\n\t\t\t\t\t\t\t\t\t<h4 class=\"privacy-policy-h1\">\n<br><span>C\u1eadp nh\u1eadt l\u1ea7n cu\u1ed1i v\u00e0o ng\u00e0y 25-9-2025<\/span>\n<br><span>Ng\u00e0y c\u00f3 hi\u1ec7u l\u1ef1c: 25-9-2025<\/span>\n<\/h4>\n\n<p class=\"privacy-policy-p\">\n    Ch\u00ednh s\u00e1ch B\u1ea3o m\u1eadt n\u00e0y m\u00f4 t\u1ea3 c\u00e1c ch\u00ednh s\u00e1ch c\u1ee7a C\u00f4ng ty TNHH M\u00e1y M\u00f3c \u0110\u00f3ng G\u00f3i Ruida Qu\u1ea3ng Ch\u00e2u, T\u00f2a nh\u00e0 D, S\u1ed1 226, Ph\u1ed1 Beishan Qiaotou, Qu\u1eadn Haizhu, Th\u00e0nh ph\u1ed1 Qu\u1ea3ng Ch\u00e2u, T\u1ec9nh Qu\u1ea3ng \u0110\u00f4ng, Trung Qu\u1ed1c, email: ceo@ruidapacking.com, \u0111i\u1ec7n tho\u1ea1i: +86 15817128250\n\n    v\u1ec1 vi\u1ec7c thu th\u1eadp, s\u1eed d\u1ee5ng v\u00e0 ti\u1ebft l\u1ed9 th\u00f4ng tin c\u1ee7a b\u1ea1n m\u00e0 ch\u00fang t\u00f4i thu th\u1eadp khi b\u1ea1n s\u1eed d\u1ee5ng trang web c\u1ee7a ch\u00fang t\u00f4i (https:\/\/ruidapacking.com).\n    (d\u1ecbch v\u1ee5 \u201cService\u201d). B\u1eb1ng c\u00e1ch truy c\u1eadp ho\u1eb7c s\u1eed d\u1ee5ng D\u1ecbch v\u1ee5, b\u1ea1n \u0111\u1ed3ng \u00fd v\u1edbi vi\u1ec7c thu th\u1eadp, s\u1eed d\u1ee5ng v\u00e0 ti\u1ebft l\u1ed9 th\u00f4ng tin c\u1ee7a b\u1ea1n theo Ch\u00ednh s\u00e1ch B\u1ea3o m\u1eadt n\u00e0y. N\u1ebfu b\u1ea1n kh\u00f4ng \u0111\u1ed3ng \u00fd v\u1edbi \u0111i\u1ec1u n\u00e0y, vui l\u00f2ng kh\u00f4ng truy c\u1eadp ho\u1eb7c s\u1eed d\u1ee5ng D\u1ecbch v\u1ee5.\n<\/p>\n\n<p class=\"privacy-policy-p\">\n    Ch\u00fang t\u00f4i c\u00f3 th\u1ec3 \u0111i\u1ec1u ch\u1ec9nh Ch\u00ednh s\u00e1ch B\u1ea3o m\u1eadt n\u00e0y b\u1ea5t c\u1ee9 l\u00fac n\u00e0o m\u00e0 kh\u00f4ng c\u1ea7n th\u00f4ng b\u00e1o tr\u01b0\u1edbc cho b\u1ea1n v\u00e0 s\u1ebd \u0111\u0103ng Ch\u00ednh s\u00e1ch B\u1ea3o m\u1eadt \u0111\u00e3 \u0111i\u1ec1u ch\u1ec9nh tr\u00ean D\u1ecbch v\u1ee5. Ch\u00ednh s\u00e1ch \u0111\u00e3 \u0111i\u1ec1u ch\u1ec9nh s\u1ebd c\u00f3 hi\u1ec7u l\u1ef1c sau 180 ng\u00e0y k\u1ec3 t\u1eeb khi Ch\u00ednh s\u00e1ch \u0111\u00e3 \u0111i\u1ec1u ch\u1ec9nh \u0111\u01b0\u1ee3c \u0111\u0103ng tr\u00ean D\u1ecbch v\u1ee5 v\u00e0 vi\u1ec7c b\u1ea1n ti\u1ebfp t\u1ee5c truy c\u1eadp ho\u1eb7c s\u1eed d\u1ee5ng D\u1ecbch v\u1ee5 sau th\u1eddi gian \u0111\u00f3 s\u1ebd \u0111\u01b0\u1ee3c coi l\u00e0 s\u1ef1 ch\u1ea5p nh\u1eadn c\u1ee7a b\u1ea1n \u0111\u1ed1i v\u1edbi Ch\u00ednh s\u00e1ch B\u1ea3o m\u1eadt \u0111\u00e3 \u0111i\u1ec1u ch\u1ec9nh. Do \u0111\u00f3, ch\u00fang t\u00f4i khuy\u1ebfn ngh\u1ecb b\u1ea1n n\u00ean th\u01b0\u1eddng xuy\u00ean ki\u1ec3m tra trang n\u00e0y.\n<\/p>\n\n<ol class=\"privacy-policy-ol\">\n        <li>\n        <h5 class=\"privacy-policy-h2\">\n            Th\u00f4ng tin ch\u00fang t\u00f4i thu th\u1eadp:\n        <\/h5>\n\n        \n        <p class=\"privacy-policy-p\">\n            Ch\u00fang t\u00f4i s\u1ebd thu th\u1eadp v\u00e0 x\u1eed l\u00fd c\u00e1c th\u00f4ng tin c\u00e1 nh\u00e2n sau \u0111\u00e2y c\u1ee7a b\u1ea1n:\n        <\/p>\n        <ol class=\"privacy-policy-ol\">\n\n                        <li>T\u00ean<\/li>\n            \n                        <li>Th\u01b0 \u0111i\u1ec7n t\u1eed<\/li>\n            \n                        <li>Di \u0111\u1ed9ng<\/li>\n            \n            \n            \n            \n            \n                        \n                                    <li>v\u1ecb tr\u00ed<\/li>\n                                                <li>T\u00ean c\u00f4ng ty<\/li>\n                                                <li>qu\u1ed1c gia\/khu v\u1ef1c.<\/li>\n                        \n        <\/ol>\n        \n\n        \n\n    <\/li>\n\n    \n    \n\n        <li>\n        <h5 class=\"privacy-policy-h2\">\n            C\u00e1ch ch\u00fang t\u00f4i s\u1eed d\u1ee5ng th\u00f4ng tin c\u1ee7a b\u1ea1n:\n        <\/h5>\n        <p class=\"privacy-policy-p\">\n            Ch\u00fang t\u00f4i s\u1ebd s\u1eed d\u1ee5ng th\u00f4ng tin m\u00e0 ch\u00fang t\u00f4i thu th\u1eadp v\u1ec1 b\u1ea1n cho c\u00e1c m\u1ee5c \u0111\u00edch sau:\n        <\/p>\n        <ol class=\"privacy-policy-ol\">\n\n                        <li>Ti\u1ebfp th\u1ecb\/ Qu\u1ea3ng c\u00e1o<\/li>\n            \n            \n                        <li>\u0110\u00e1nh gi\u00e1 c\u1ee7a kh\u00e1ch h\u00e0ng<\/li>\n            \n            \n            \n            \n                        <li>H\u1ed7 tr\u1ee3<\/li>\n            \n            \n                        <li>Qu\u1ea3ng c\u00e1o nh\u1eafm m\u1ee5c ti\u00eau<\/li>\n            \n            \n            \n            \n            \n            \n        <\/ol>\n        <p class=\"privacy-policy-p\">\n            N\u1ebfu ch\u00fang t\u00f4i mu\u1ed1n s\u1eed d\u1ee5ng th\u00f4ng tin c\u1ee7a b\u1ea1n cho b\u1ea5t k\u1ef3 m\u1ee5c \u0111\u00edch n\u00e0o kh\u00e1c, ch\u00fang t\u00f4i s\u1ebd y\u00eau c\u1ea7u s\u1ef1 \u0111\u1ed3ng \u00fd c\u1ee7a b\u1ea1n v\u00e0 ch\u1ec9 s\u1eed d\u1ee5ng th\u00f4ng tin c\u1ee7a b\u1ea1n sau khi nh\u1eadn \u0111\u01b0\u1ee3c s\u1ef1 \u0111\u1ed3ng \u00fd c\u1ee7a b\u1ea1n, v\u00e0 ch\u1ec9 cho m\u1ee5c \u0111\u00edch (c\u00e1c m\u1ee5c \u0111\u00edch) m\u00e0 b\u1ea1n \u0111\u00e3 \u0111\u1ed3ng \u00fd, tr\u1eeb khi lu\u1eadt ph\u00e1p y\u00eau c\u1ea7u ch\u00fang t\u00f4i ph\u1ea3i l\u00e0m kh\u00e1c.\n        <\/p>\n    <\/li>\n    \n    \n    <li>\n        <h5 class=\"privacy-policy-h2\">\n            C\u00e1ch ch\u00fang t\u00f4i chia s\u1ebb th\u00f4ng tin c\u1ee7a b\u1ea1n:\n        <\/h5>\n\n\n                <p class=\"privacy-policy-p\">\n            Ch\u00fang t\u00f4i s\u1ebd kh\u00f4ng chuy\u1ec3n giao th\u00f4ng tin c\u00e1 nh\u00e2n c\u1ee7a b\u1ea1n cho b\u1ea5t k\u1ef3 b\u00ean th\u1ee9 ba n\u00e0o m\u00e0 kh\u00f4ng c\u00f3 s\u1ef1 \u0111\u1ed3ng \u00fd c\u1ee7a b\u1ea1n, tr\u1eeb khi trong c\u00e1c tr\u01b0\u1eddng h\u1ee3p h\u1ea1n ch\u1ebf \u0111\u01b0\u1ee3c m\u00f4 t\u1ea3 d\u01b0\u1edbi \u0111\u00e2y:\n        <\/p>\n        <ol class=\"privacy-policy-ol\">\n                        <li>D\u1ecbch v\u1ee5 qu\u1ea3ng c\u00e1o<\/li>\n            \n            \n            \n            \n                        <li>Ph\u00e2n t\u00edch<\/li>\n            \n            \n                    <\/ol>\n        \n        <p class=\"privacy-policy-p\">\n            Ch\u00fang t\u00f4i y\u00eau c\u1ea7u c\u00e1c b\u00ean th\u1ee9 ba s\u1eed d\u1ee5ng th\u00f4ng tin c\u00e1 nh\u00e2n m\u00e0 ch\u00fang t\u00f4i chuy\u1ec3n giao cho h\u1ecd ch\u1ec9 cho m\u1ee5c \u0111\u00edch m\u00e0 th\u00f4ng tin \u0111\u00f3 \u0111\u01b0\u1ee3c chuy\u1ec3n giao v\u00e0 kh\u00f4ng \u0111\u01b0\u1ee3c l\u01b0u gi\u1eef th\u00f4ng tin \u0111\u00f3 l\u00e2u h\u01a1n th\u1eddi gian c\u1ea7n thi\u1ebft \u0111\u1ec3 ho\u00e0n th\u00e0nh m\u1ee5c \u0111\u00edch \u0111\u00e3 n\u00eau.\n        <\/p>\n        <p class=\"privacy-policy-p\">\n            Ch\u00fang t\u00f4i c\u0169ng c\u00f3 th\u1ec3 ti\u1ebft l\u1ed9 th\u00f4ng tin c\u00e1 nh\u00e2n c\u1ee7a b\u1ea1n cho c\u00e1c m\u1ee5c \u0111\u00edch sau: (1) \u0111\u1ec3 tu\u00e2n th\u1ee7 ph\u00e1p lu\u1eadt, quy \u0111\u1ecbnh, l\u1ec7nh t\u00f2a \u00e1n ho\u1eb7c c\u00e1c quy tr\u00ecnh ph\u00e1p l\u00fd kh\u00e1c; (2) \u0111\u1ec3 th\u1ef1c thi c\u00e1c th\u1ecfa thu\u1eadn c\u1ee7a b\u1ea1n v\u1edbi ch\u00fang t\u00f4i, bao g\u1ed3m Ch\u00ednh s\u00e1ch B\u1ea3o m\u1eadt n\u00e0y; ho\u1eb7c (3) \u0111\u1ec3 ph\u1ea3n h\u1ed3i c\u00e1c khi\u1ebfu n\u1ea1i cho r\u1eb1ng vi\u1ec7c s\u1eed d\u1ee5ng D\u1ecbch v\u1ee5 c\u1ee7a b\u1ea1n vi ph\u1ea1m quy\u1ec1n c\u1ee7a b\u00ean th\u1ee9 ba. N\u1ebfu D\u1ecbch v\u1ee5 ho\u1eb7c c\u00f4ng ty c\u1ee7a ch\u00fang t\u00f4i \u0111\u01b0\u1ee3c s\u00e1p nh\u1eadp ho\u1eb7c mua l\u1ea1i b\u1edfi m\u1ed9t c\u00f4ng ty kh\u00e1c, th\u00f4ng tin c\u1ee7a b\u1ea1n s\u1ebd l\u00e0 m\u1ed9t trong nh\u1eefng t\u00e0i s\u1ea3n \u0111\u01b0\u1ee3c chuy\u1ec3n giao cho ch\u1ee7 s\u1edf h\u1eefu m\u1edbi.\n        <\/p>\n    <\/li>\n    \n\n        <li>\n        <h5 class=\"privacy-policy-h2\">\n            B\u1ea3o l\u01b0u th\u00f4ng tin c\u1ee7a b\u1ea1n:\n        <\/h5>\n        <p class=\"privacy-policy-p\">\n            Ch\u00fang t\u00f4i s\u1ebd l\u01b0u tr\u1eef th\u00f4ng tin c\u00e1 nh\u00e2n c\u1ee7a b\u1ea1n t\u1ea1i \u0111\u00e2y. Ch\u00fang t\u00f4i l\u01b0u tr\u1eef d\u1eef li\u1ec7u c\u00e1 nh\u00e2n \u0111\u00e3 thu th\u1eadp trong th\u1eddi gian c\u1ea7n thi\u1ebft \u0111\u1ec3 cung c\u1ea5p d\u1ecbch v\u1ee5 v\u00e0 tr\u1ea3 l\u1eddi c\u00e1c y\u00eau c\u1ea7u, ho\u1eb7c cho \u0111\u1ebfn khi ng\u01b0\u1eddi d\u00f9ng y\u00eau c\u1ea7u x\u00f3a. Ho\u1eb7c trong th\u1eddi gian c\u1ea7n thi\u1ebft \u0111\u1ec3 th\u1ef1c hi\u1ec7n c\u00e1c m\u1ee5c \u0111\u00edch m\u00e0 d\u1eef li\u1ec7u \u0111\u01b0\u1ee3c thu th\u1eadp, nh\u01b0 \u0111\u00e3 n\u00eau chi ti\u1ebft trong Ch\u00ednh s\u00e1ch B\u1ea3o m\u1eadt n\u00e0y. Ch\u00fang t\u00f4i c\u00f3 th\u1ec3 c\u1ea7n l\u01b0u tr\u1eef m\u1ed9t s\u1ed1 th\u00f4ng tin trong th\u1eddi gian d\u00e0i h\u01a1n, ch\u1eb3ng h\u1ea1n nh\u01b0 l\u01b0u tr\u1eef h\u1ed3 s\u01a1\/b\u00e1o c\u00e1o theo quy \u0111\u1ecbnh c\u1ee7a ph\u00e1p lu\u1eadt ho\u1eb7c v\u00ec c\u00e1c l\u00fd do h\u1ee3p ph\u00e1p kh\u00e1c nh\u01b0 th\u1ef1c thi quy\u1ec1n l\u1ee3i ph\u00e1p l\u00fd, ph\u00f2ng ng\u1eeba gian l\u1eadn, v.v. Th\u00f4ng tin \u1ea9n danh v\u00e0 th\u00f4ng tin t\u1ed5ng h\u1ee3p, c\u1ea3 hai \u0111\u1ec1u kh\u00f4ng x\u00e1c \u0111\u1ecbnh \u0111\u01b0\u1ee3c b\u1ea1n (tr\u1ef1c ti\u1ebfp ho\u1eb7c gi\u00e1n ti\u1ebfp), c\u00f3 th\u1ec3 \u0111\u01b0\u1ee3c l\u01b0u tr\u1eef v\u00f4 th\u1eddi h\u1ea1n.\n        <\/p>\n    <\/li>\n    \n    <li>\n        <h5 class=\"privacy-policy-h2\">\n            Quy\u1ec1n c\u1ee7a b\u1ea1n:\n        <\/h5>\n        <p class=\"privacy-policy-p\">\n            T\u00f9y thu\u1ed9c v\u00e0o lu\u1eadt \u00e1p d\u1ee5ng, b\u1ea1n c\u00f3 th\u1ec3 c\u00f3 quy\u1ec1n truy c\u1eadp, ch\u1ec9nh s\u1eeda ho\u1eb7c x\u00f3a d\u1eef li\u1ec7u c\u00e1 nh\u00e2n c\u1ee7a m\u00ecnh, nh\u1eadn b\u1ea3n sao d\u1eef li\u1ec7u c\u00e1 nh\u00e2n, h\u1ea1n ch\u1ebf ho\u1eb7c ph\u1ea3n \u0111\u1ed1i vi\u1ec7c x\u1eed l\u00fd d\u1eef li\u1ec7u c\u1ee7a b\u1ea1n, y\u00eau c\u1ea7u ch\u00fang t\u00f4i chia s\u1ebb (chuy\u1ec3n)\n            th\u00f4ng tin c\u00e1 nh\u00e2n c\u1ee7a b\u1ea1n sang m\u1ed9t th\u1ef1c th\u1ec3 kh\u00e1c, r\u00fat l\u1ea1i b\u1ea5t k\u1ef3 s\u1ef1 \u0111\u1ed3ng \u00fd n\u00e0o b\u1ea1n \u0111\u00e3 cung c\u1ea5p cho ch\u00fang t\u00f4i \u0111\u1ec3 x\u1eed l\u00fd d\u1eef li\u1ec7u c\u1ee7a b\u1ea1n, quy\u1ec1n khi\u1ebfu n\u1ea1i v\u1edbi c\u01a1 quan c\u00f3 th\u1ea9m quy\u1ec1n v\u00e0 c\u00e1c quy\u1ec1n kh\u00e1c c\u00f3 th\u1ec3 \u00e1p d\u1ee5ng theo lu\u1eadt hi\u1ec7n h\u00e0nh. \u0110\u1ec3 th\u1ef1c hi\u1ec7n c\u00e1c quy\u1ec1n n\u00e0y, b\u1ea1n c\u00f3 th\u1ec3 g\u1eedi email cho ch\u00fang t\u00f4i t\u1ea1i ceo@ruidapacking.com. Ch\u00fang t\u00f4i s\u1ebd tr\u1ea3 l\u1eddi y\u00eau c\u1ea7u c\u1ee7a b\u1ea1n theo quy \u0111\u1ecbnh c\u1ee7a ph\u00e1p lu\u1eadt.\n        <\/p>\n\n        \n        <p class=\"privacy-policy-p\">\n            L\u01b0u \u00fd r\u1eb1ng n\u1ebfu b\u1ea1n kh\u00f4ng cho ph\u00e9p ch\u00fang t\u00f4i thu th\u1eadp ho\u1eb7c x\u1eed l\u00fd th\u00f4ng tin c\u00e1 nh\u00e2n c\u1ea7n thi\u1ebft ho\u1eb7c r\u00fat l\u1ea1i s\u1ef1 \u0111\u1ed3ng \u00fd \u0111\u1ec3 x\u1eed l\u00fd th\u00f4ng tin \u0111\u00f3 cho c\u00e1c m\u1ee5c \u0111\u00edch c\u1ea7n thi\u1ebft, b\u1ea1n c\u00f3 th\u1ec3 kh\u00f4ng th\u1ec3 truy c\u1eadp ho\u1eb7c s\u1eed d\u1ee5ng c\u00e1c d\u1ecbch v\u1ee5 m\u00e0 th\u00f4ng tin c\u1ee7a b\u1ea1n \u0111\u00e3 \u0111\u01b0\u1ee3c y\u00eau c\u1ea7u.\n        <\/p>\n    <\/li>\n        <li>\n        <h5 class=\"privacy-policy-h2\">\n            Cookies:\n        <\/h5>\n        <p class=\"privacy-policy-p\">\n\n            \n            Trang web c\u1ee7a ch\u00fang t\u00f4i s\u1eed d\u1ee5ng cookie v\u00e0 c\u00e1c c\u00f4ng ngh\u1ec7 theo d\u00f5i t\u01b0\u01a1ng t\u1ef1 \u0111\u1ec3 ph\u00e2n bi\u1ec7t b\u1ea1n v\u1edbi c\u00e1c ng\u01b0\u1eddi d\u00f9ng kh\u00e1c c\u1ee7a trang web v\u00e0 \u0111\u1ec3 gi\u00fap ch\u00fang t\u00f4i c\u1ea3i thi\u1ec7n trang web.<br>\n\nCookie l\u00e0 g\u00ec: Cookie l\u00e0 c\u00e1c t\u1ec7p v\u0103n b\u1ea3n nh\u1ecf ch\u1ee9a m\u1ed9t l\u01b0\u1ee3ng th\u00f4ng tin nh\u1ecf \u0111\u01b0\u1ee3c t\u1ea3i xu\u1ed1ng thi\u1ebft b\u1ecb c\u1ee7a b\u1ea1n khi b\u1ea1n truy c\u1eadp m\u1ed9t trang web.<br>\nC\u00e1c lo\u1ea1i cookie ch\u00fang t\u00f4i s\u1eed d\u1ee5ng:<br>\nCookie c\u1ea7n thi\u1ebft: C\u1ea7n thi\u1ebft \u0111\u1ec3 \u0111\u1ea3m b\u1ea3o website ho\u1ea1t \u0111\u1ed9ng b\u00ecnh th\u01b0\u1eddng, ch\u1eb3ng h\u1ea1n nh\u01b0 ch\u1ee9c n\u0103ng \u0111\u0103ng nh\u1eadp c\u1ee7a ng\u01b0\u1eddi d\u00f9ng.<br>\nCookie ph\u00e2n t\u00edch: Gi\u00fap ch\u00fang t\u00f4i hi\u1ec3u c\u00e1ch ng\u01b0\u1eddi d\u00f9ng t\u01b0\u01a1ng t\u00e1c v\u1edbi trang web (v\u00ed d\u1ee5: th\u00f4ng qua Google Analytics) \u0111\u1ec3 ch\u00fang t\u00f4i c\u00f3 th\u1ec3 ph\u00e2n t\u00edch v\u00e0 c\u1ea3i thi\u1ec7n hi\u1ec7u su\u1ea5t trang web.<br>\nCookie ch\u1ee9c n\u0103ng: \u0110\u01b0\u1ee3c s\u1eed d\u1ee5ng \u0111\u1ec3 ghi nh\u1edb c\u00e1c t\u00f9y ch\u1ecdn c\u1ee7a b\u1ea1n (ch\u1eb3ng h\u1ea1n nh\u01b0 ng\u00f4n ng\u1eef ho\u1eb7c khu v\u1ef1c) nh\u1eb1m cung c\u1ea5p tr\u1ea3i nghi\u1ec7m c\u00e1 nh\u00e2n h\u00f3a h\u01a1n.<br>\nL\u1ef1a ch\u1ecdn c\u1ee7a b\u1ea1n: H\u1ea7u h\u1ebft c\u00e1c tr\u00ecnh duy\u1ec7t \u0111\u1ec1u ch\u1ea5p nh\u1eadn cookie theo m\u1eb7c \u0111\u1ecbnh. B\u1ea1n c\u00f3 th\u1ec3 t\u1eeb ch\u1ed1i ho\u1eb7c x\u00f3a cookie b\u1eb1ng c\u00e1ch \u0111i\u1ec1u ch\u1ec9nh c\u00e0i \u0111\u1eb7t tr\u00ecnh duy\u1ec7t c\u1ee7a m\u00ecnh. Tuy nhi\u00ean, xin l\u01b0u \u00fd r\u1eb1ng n\u1ebfu b\u1ea1n v\u00f4 hi\u1ec7u h\u00f3a cookie, \u0111i\u1ec1u n\u00e0y c\u00f3 th\u1ec3 \u1ea3nh h\u01b0\u1edfng \u0111\u1ebfn t\u00ednh kh\u1ea3 d\u1ee5ng v\u00e0 ch\u1ee9c n\u0103ng c\u1ee7a trang web c\u1ee7a ch\u00fang t\u00f4i.\n        <\/p>\n    <\/li>\n    \n    <li>\n        <h5 class=\"privacy-policy-h2\">\n            An ninh:\n        <\/h5>\n        <p class=\"privacy-policy-p\">\n            B\u1ea3o m\u1eadt th\u00f4ng tin c\u1ee7a b\u1ea1n l\u00e0 \u0111i\u1ec1u quan tr\u1ecdng \u0111\u1ed1i v\u1edbi ch\u00fang t\u00f4i v\u00e0 ch\u00fang t\u00f4i s\u1ebd \u00e1p d\u1ee5ng c\u00e1c bi\u1ec7n ph\u00e1p b\u1ea3o m\u1eadt h\u1ee3p l\u00fd \u0111\u1ec3 ng\u0103n ch\u1eb7n vi\u1ec7c m\u1ea5t m\u00e1t, l\u1ea1m d\u1ee5ng ho\u1eb7c thay \u0111\u1ed5i tr\u00e1i ph\u00e9p th\u00f4ng tin c\u1ee7a b\u1ea1n n\u1eb1m trong s\u1ef1 ki\u1ec3m so\u00e1t c\u1ee7a ch\u00fang t\u00f4i. Tuy nhi\u00ean, do nh\u1eefng r\u1ee7i ro v\u1ed1n c\u00f3, ch\u00fang t\u00f4i kh\u00f4ng th\u1ec3 \u0111\u1ea3m b\u1ea3o an to\u00e0n tuy\u1ec7t \u0111\u1ed1i v\u00e0 do \u0111\u00f3, ch\u00fang t\u00f4i kh\u00f4ng th\u1ec3 \u0111\u1ea3m b\u1ea3o ho\u1eb7c cam k\u1ebft v\u1ec1 t\u00ednh an to\u00e0n c\u1ee7a b\u1ea5t k\u1ef3 th\u00f4ng tin n\u00e0o b\u1ea1n g\u1eedi cho ch\u00fang t\u00f4i, v\u00e0 b\u1ea1n th\u1ef1c hi\u1ec7n vi\u1ec7c n\u00e0y ho\u00e0n to\u00e0n tr\u00ean tr\u00e1ch nhi\u1ec7m c\u1ee7a m\u00ecnh.\n        <\/p>\n    <\/li>\n\n\t<li>\n        <h5 class=\"privacy-policy-h2\">\n            Quy\u1ec1n ri\u00eang t\u01b0 c\u1ee7a tr\u1ebb em:\n        <\/h5>\n        <p class=\"privacy-policy-p\">\n           Trang web v\u00e0 d\u1ecbch v\u1ee5 c\u1ee7a ch\u00fang t\u00f4i kh\u00f4ng d\u00e0nh cho tr\u1ebb em d\u01b0\u1edbi 16 tu\u1ed5i. Ch\u00fang t\u00f4i kh\u00f4ng c\u1ed1 \u00fd thu th\u1eadp ho\u1eb7c y\u00eau c\u1ea7u th\u00f4ng tin t\u1eeb tr\u1ebb em d\u01b0\u1edbi \u0111\u1ed9 tu\u1ed5i n\u00e0y.\n        <\/p>\n    <\/li>\n\n\n\n        <li>\n        <h5 class=\"privacy-policy-h2\">\n            Li\u00ean k\u1ebft c\u1ee7a b\u00ean th\u1ee9 ba v\u00e0 vi\u1ec7c s\u1eed d\u1ee5ng th\u00f4ng tin c\u1ee7a b\u1ea1n:\n        <\/h5>\n        <p class=\"privacy-policy-p\">\n            D\u1ecbch v\u1ee5 c\u1ee7a ch\u00fang t\u00f4i c\u00f3 th\u1ec3 ch\u1ee9a c\u00e1c li\u00ean k\u1ebft \u0111\u1ebfn c\u00e1c trang web kh\u00e1c kh\u00f4ng do ch\u00fang t\u00f4i v\u1eadn h\u00e0nh. Ch\u00ednh s\u00e1ch B\u1ea3o m\u1eadt n\u00e0y kh\u00f4ng \u00e1p d\u1ee5ng cho ch\u00ednh s\u00e1ch b\u1ea3o m\u1eadt v\u00e0 c\u00e1c th\u1ef1c h\u00e0nh kh\u00e1c c\u1ee7a b\u1ea5t k\u1ef3 b\u00ean th\u1ee9 ba n\u00e0o, bao g\u1ed3m b\u1ea5t k\u1ef3 b\u00ean th\u1ee9 ba n\u00e0o v\u1eadn h\u00e0nh b\u1ea5t k\u1ef3 trang web ho\u1eb7c d\u1ecbch v\u1ee5 n\u00e0o c\u00f3 th\u1ec3 truy c\u1eadp th\u00f4ng qua li\u00ean k\u1ebft tr\u00ean D\u1ecbch v\u1ee5. Ch\u00fang t\u00f4i khuy\u1ebfn ngh\u1ecb m\u1ea1nh m\u1ebd r\u1eb1ng b\u1ea1n n\u00ean xem x\u00e9t ch\u00ednh s\u00e1ch b\u1ea3o m\u1eadt c\u1ee7a m\u1ecdi trang web m\u00e0 b\u1ea1n truy c\u1eadp. Ch\u00fang t\u00f4i kh\u00f4ng c\u00f3 quy\u1ec1n ki\u1ec3m so\u00e1t v\u00e0 kh\u00f4ng ch\u1ecbu tr\u00e1ch nhi\u1ec7m v\u1ec1 n\u1ed9i dung, ch\u00ednh s\u00e1ch b\u1ea3o m\u1eadt ho\u1eb7c c\u00e1c th\u1ef1c h\u00e0nh c\u1ee7a b\u1ea5t k\u1ef3 trang web ho\u1eb7c d\u1ecbch v\u1ee5 c\u1ee7a b\u00ean th\u1ee9 ba n\u00e0o.\n        <\/p>\n    <\/li>\n    \n    <li>\n        <h5 class=\"privacy-policy-h2\">\n            Ng\u01b0\u1eddi ph\u1ee5 tr\u00e1ch khi\u1ebfu n\u1ea1i \/ Chuy\u00ean vi\u00ean b\u1ea3o v\u1ec7 d\u1eef li\u1ec7u:\n        <\/h5>\n        <p class=\"privacy-policy-p\">\n            N\u1ebfu qu\u00fd kh\u00e1ch c\u00f3 b\u1ea5t k\u1ef3 th\u1eafc m\u1eafc ho\u1eb7c lo ng\u1ea1i n\u00e0o v\u1ec1 vi\u1ec7c x\u1eed l\u00fd th\u00f4ng tin c\u1ee7a qu\u00fd kh\u00e1ch m\u00e0 ch\u00fang t\u00f4i \u0111ang l\u01b0u tr\u1eef, qu\u00fd kh\u00e1ch c\u00f3 th\u1ec3 g\u1eedi email cho Nh\u00e2n vi\u00ean Gi\u1ea3i quy\u1ebft Khi\u1ebfu n\u1ea1i c\u1ee7a ch\u00fang t\u00f4i t\u1ea1i C\u00f4ng ty TNHH M\u00e1y \u0110\u00f3ng G\u00f3i Ruida Qu\u1ea3ng Ch\u00e2u, T\u00f2a nh\u00e0 D, S\u1ed1 226, Ph\u1ed1 Beishan Qiaotou, Qu\u1eadn Haizhu, Th\u00e0nh ph\u1ed1 Qu\u1ea3ng Ch\u00e2u, T\u1ec9nh Qu\u1ea3ng \u0110\u00f4ng, Trung Qu\u1ed1c, email: ceo@ruidapacking.com.\n            Ch\u00fang t\u00f4i s\u1ebd gi\u1ea3i quy\u1ebft c\u00e1c th\u1eafc m\u1eafc c\u1ee7a b\u1ea1n theo quy \u0111\u1ecbnh c\u1ee7a ph\u00e1p lu\u1eadt hi\u1ec7n h\u00e0nh.\n        <\/p>\n    <\/li>\n<\/ol>\n<br><br><br><br><br>\n\n\n\t\t\t\t\t\t\t\t<\/div>\n\t\t\t\t<\/div>\n\t\t\t\t\t<\/div>\n\t\t\t\t<\/div>\n\t\t\t\t<\/div>","protected":false},"excerpt":{"rendered":"<p>Last Updated On 25-Sep-2025 Effective Date 25-Sep-2025 This Privacy Policy describes the policies of Guangzhou Ruida Packing Machinery Co., Ltd., Building D, No. 226, Beishan Qiaotou Street, Haizhu District, Guangzhou City, Guangdong Province, China, email: ceo@ruidapacking.com, phone: +86 15817128250 on the collection, use and disclosure of your information that we collect when you use our [&hellip;]<\/p>","protected":false},"author":4,"featured_media":0,"parent":0,"menu_order":0,"comment_status":"closed","ping_status":"closed","template":"","meta":{"_sitemap_exclude":false,"_sitemap_priority":"","_sitemap_frequency":"","footnotes":""},"class_list":["post-15034","page","type-page","status-publish","hentry"],"acf":[],"_links":{"self":[{"href":"https:\/\/ruidapacking.com\/vi\/wp-json\/wp\/v2\/pages\/15034","targetHints":{"allow":["GET"]}}],"collection":[{"href":"https:\/\/ruidapacking.com\/vi\/wp-json\/wp\/v2\/pages"}],"about":[{"href":"https:\/\/ruidapacking.com\/vi\/wp-json\/wp\/v2\/types\/page"}],"author":[{"embeddable":true,"href":"https:\/\/ruidapacking.com\/vi\/wp-json\/wp\/v2\/users\/4"}],"replies":[{"embeddable":true,"href":"https:\/\/ruidapacking.com\/vi\/wp-json\/wp\/v2\/comments?post=15034"}],"version-history":[{"count":0,"href":"https:\/\/ruidapacking.com\/vi\/wp-json\/wp\/v2\/pages\/15034\/revisions"}],"wp:attachment":[{"href":"https:\/\/ruidapacking.com\/vi\/wp-json\/wp\/v2\/media?parent=15034"}],"curies":[{"name":"wp","href":"https:\/\/api.w.org\/{rel}","templated":true}]}}