{"id":9200,"date":"2024-04-26T22:19:57","date_gmt":"2024-04-26T14:19:57","guid":{"rendered":"https:\/\/ruidapacking.com\/?post_type=product&#038;p=9200"},"modified":"2024-11-26T10:42:57","modified_gmt":"2024-11-26T02:42:57","slug":"tablet-and-capsule-counting-filling-machine","status":"publish","type":"product","link":"https:\/\/ruidapacking.com\/tr\/product\/tablet-and-capsule-counting-filling-machine\/","title":{"rendered":"Tablet Ve Kaps\u00fcl Sayma Dolum Makinesi"},"content":{"rendered":"","protected":false},"excerpt":{"rendered":"<p>Tablet ve kaps\u00fcl sayma dolum makinesi, do\u011fru say\u0131m\u0131 ve kaplara verimli dolumu sa\u011flamak i\u00e7in tasarlanm\u0131\u015f birka\u00e7 hassas ad\u0131mdan olu\u015fur.<\/p>","protected":false},"featured_media":12713,"template":"","meta":{"_sitemap_exclude":false,"_sitemap_priority":"","_sitemap_frequency":""},"product_categories":[14],"class_list":["post-9200","product","type-product","status-publish","has-post-thumbnail","hentry","product_categories-automatic-counting-machine"],"acf":[],"_links":{"self":[{"href":"https:\/\/ruidapacking.com\/tr\/wp-json\/wp\/v2\/product\/9200","targetHints":{"allow":["GET"]}}],"collection":[{"href":"https:\/\/ruidapacking.com\/tr\/wp-json\/wp\/v2\/product"}],"about":[{"href":"https:\/\/ruidapacking.com\/tr\/wp-json\/wp\/v2\/types\/product"}],"wp:featuredmedia":[{"embeddable":true,"href":"https:\/\/ruidapacking.com\/tr\/wp-json\/wp\/v2\/media\/12713"}],"wp:attachment":[{"href":"https:\/\/ruidapacking.com\/tr\/wp-json\/wp\/v2\/media?parent=9200"}],"wp:term":[{"taxonomy":"product_categories","embeddable":true,"href":"https:\/\/ruidapacking.com\/tr\/wp-json\/wp\/v2\/product_categories?post=9200"}],"curies":[{"name":"wp","href":"https:\/\/api.w.org\/{rel}","templated":true}]}}