{"id":9108,"date":"2024-04-17T18:40:55","date_gmt":"2024-04-17T10:40:55","guid":{"rendered":"https:\/\/ruidapacking.com\/?post_type=product&#038;p=9108"},"modified":"2025-03-20T19:56:50","modified_gmt":"2025-03-20T11:56:50","slug":"gummy-bear-counting-bottler","status":"publish","type":"product","link":"https:\/\/ruidapacking.com\/tr\/product\/gummy-bear-counting-bottler\/","title":{"rendered":"Sak\u0131zl\u0131 Ay\u0131c\u0131k Sayma\/\u015ei\u015feleme"},"content":{"rendered":"","protected":false},"excerpt":{"rendered":"<p>Sak\u0131zl\u0131 \u015feker sayma\/\u015fi\u015feleme makinesi, \u015feker \u00fcretiminin verimlili\u011fini ve do\u011frulu\u011funu art\u0131rman\u0131n yan\u0131 s\u0131ra \u00fcr\u00fcn kalitesini ve g\u0131da g\u00fcvenli\u011fini sa\u011flamaya da yard\u0131mc\u0131 olur.<\/p>","protected":false},"featured_media":13553,"template":"","meta":{"_sitemap_exclude":false,"_sitemap_priority":"","_sitemap_frequency":""},"product_categories":[42],"class_list":["post-9108","product","type-product","status-publish","has-post-thumbnail","hentry","product_categories-all-automatic-counting-machine"],"acf":[],"_links":{"self":[{"href":"https:\/\/ruidapacking.com\/tr\/wp-json\/wp\/v2\/product\/9108","targetHints":{"allow":["GET"]}}],"collection":[{"href":"https:\/\/ruidapacking.com\/tr\/wp-json\/wp\/v2\/product"}],"about":[{"href":"https:\/\/ruidapacking.com\/tr\/wp-json\/wp\/v2\/types\/product"}],"wp:featuredmedia":[{"embeddable":true,"href":"https:\/\/ruidapacking.com\/tr\/wp-json\/wp\/v2\/media\/13553"}],"wp:attachment":[{"href":"https:\/\/ruidapacking.com\/tr\/wp-json\/wp\/v2\/media?parent=9108"}],"wp:term":[{"taxonomy":"product_categories","embeddable":true,"href":"https:\/\/ruidapacking.com\/tr\/wp-json\/wp\/v2\/product_categories?post=9108"}],"curies":[{"name":"wp","href":"https:\/\/api.w.org\/{rel}","templated":true}]}}