{"id":9104,"date":"2024-04-17T18:21:23","date_gmt":"2024-04-17T10:21:23","guid":{"rendered":"https:\/\/ruidapacking.com\/?post_type=product&#038;p=9104"},"modified":"2024-12-06T19:21:30","modified_gmt":"2024-12-06T11:21:30","slug":"capsule-filler-machine-medicinal","status":"publish","type":"product","link":"https:\/\/ruidapacking.com\/tr\/product\/capsule-filler-machine-medicinal\/","title":{"rendered":"Kaps\u00fcl Dolum Makinesi T\u0131bbi"},"content":{"rendered":"","protected":false},"excerpt":{"rendered":"<p>Kaps\u00fcl dolum makinesi, bo\u015f kaps\u00fcllerin toz, gran\u00fcl veya di\u011fer form\u00fclasyonlarla doldurulmas\u0131 s\u00fcrecini otomatikle\u015ftirmek i\u00e7in kullan\u0131lan t\u0131bbi bir makinedir.<\/p>","protected":false},"featured_media":12835,"template":"","meta":{"_sitemap_exclude":false,"_sitemap_priority":"","_sitemap_frequency":""},"product_categories":[37],"class_list":["post-9104","product","type-product","status-publish","has-post-thumbnail","hentry","product_categories-all-automatic-capsule-filling-machine"],"acf":[],"_links":{"self":[{"href":"https:\/\/ruidapacking.com\/tr\/wp-json\/wp\/v2\/product\/9104","targetHints":{"allow":["GET"]}}],"collection":[{"href":"https:\/\/ruidapacking.com\/tr\/wp-json\/wp\/v2\/product"}],"about":[{"href":"https:\/\/ruidapacking.com\/tr\/wp-json\/wp\/v2\/types\/product"}],"wp:featuredmedia":[{"embeddable":true,"href":"https:\/\/ruidapacking.com\/tr\/wp-json\/wp\/v2\/media\/12835"}],"wp:attachment":[{"href":"https:\/\/ruidapacking.com\/tr\/wp-json\/wp\/v2\/media?parent=9104"}],"wp:term":[{"taxonomy":"product_categories","embeddable":true,"href":"https:\/\/ruidapacking.com\/tr\/wp-json\/wp\/v2\/product_categories?post=9104"}],"curies":[{"name":"wp","href":"https:\/\/api.w.org\/{rel}","templated":true}]}}