{"id":9062,"date":"2024-04-09T20:56:53","date_gmt":"2024-04-09T12:56:53","guid":{"rendered":"https:\/\/ruidapacking.com\/?post_type=product&#038;p=9062"},"modified":"2024-07-09T18:12:55","modified_gmt":"2024-07-09T10:12:55","slug":"vitamin-gummies-counting-machines","status":"publish","type":"product","link":"https:\/\/ruidapacking.com\/tr\/product\/vitamin-gummies-counting-machines\/","title":{"rendered":"Vitamin Sak\u0131zlar\u0131 Sayma Makineleri"},"content":{"rendered":"","protected":false},"excerpt":{"rendered":"<p>Vitaminli sak\u0131z sayma makineleri pektin, \u015feker, ya\u011fl\u0131 sak\u0131z gibi her t\u00fcrl\u00fc sak\u0131z\u0131 \u015fi\u015feye sayabilir\u2026 \u0130la\u00e7, g\u0131da end\u00fcstrisi i\u00e7in uygundur.<\/p>","protected":false},"featured_media":9753,"template":"","meta":{"_sitemap_exclude":false,"_sitemap_priority":"","_sitemap_frequency":""},"product_categories":[42],"class_list":["post-9062","product","type-product","status-publish","has-post-thumbnail","hentry","product_categories-all-automatic-counting-machine"],"acf":[],"_links":{"self":[{"href":"https:\/\/ruidapacking.com\/tr\/wp-json\/wp\/v2\/product\/9062","targetHints":{"allow":["GET"]}}],"collection":[{"href":"https:\/\/ruidapacking.com\/tr\/wp-json\/wp\/v2\/product"}],"about":[{"href":"https:\/\/ruidapacking.com\/tr\/wp-json\/wp\/v2\/types\/product"}],"wp:featuredmedia":[{"embeddable":true,"href":"https:\/\/ruidapacking.com\/tr\/wp-json\/wp\/v2\/media\/9753"}],"wp:attachment":[{"href":"https:\/\/ruidapacking.com\/tr\/wp-json\/wp\/v2\/media?parent=9062"}],"wp:term":[{"taxonomy":"product_categories","embeddable":true,"href":"https:\/\/ruidapacking.com\/tr\/wp-json\/wp\/v2\/product_categories?post=9062"}],"curies":[{"name":"wp","href":"https:\/\/api.w.org\/{rel}","templated":true}]}}