{"id":8898,"date":"2024-03-28T15:55:15","date_gmt":"2024-03-28T07:55:15","guid":{"rendered":"https:\/\/ruidapacking.com\/?post_type=product&#038;p=8898"},"modified":"2025-03-21T16:47:13","modified_gmt":"2025-03-21T08:47:13","slug":"large-size-tablet-making-machine","status":"publish","type":"product","link":"https:\/\/ruidapacking.com\/tr\/product\/large-size-tablet-making-machine\/","title":{"rendered":"B\u00fcy\u00fck Boy Tablet Yapma Makinesi"},"content":{"rendered":"","protected":false},"excerpt":{"rendered":"<p>Toz veya gran\u00fcl malzemeleri daha b\u00fcy\u00fck tabletlere, besin takviyelerine veya di\u011fer kat\u0131 \u00fcr\u00fcnlere s\u0131k\u0131\u015ft\u0131rmak i\u00e7in kullan\u0131lan b\u00fcy\u00fck boyutlu tablet yapma makinesi.<\/p>","protected":false},"featured_media":8486,"template":"","meta":{"_sitemap_exclude":false,"_sitemap_priority":"","_sitemap_frequency":""},"product_categories":[40],"class_list":["post-8898","product","type-product","status-publish","has-post-thumbnail","hentry","product_categories-all-tablet-press-machine"],"acf":[],"_links":{"self":[{"href":"https:\/\/ruidapacking.com\/tr\/wp-json\/wp\/v2\/product\/8898","targetHints":{"allow":["GET"]}}],"collection":[{"href":"https:\/\/ruidapacking.com\/tr\/wp-json\/wp\/v2\/product"}],"about":[{"href":"https:\/\/ruidapacking.com\/tr\/wp-json\/wp\/v2\/types\/product"}],"wp:featuredmedia":[{"embeddable":true,"href":"https:\/\/ruidapacking.com\/tr\/wp-json\/wp\/v2\/media\/8486"}],"wp:attachment":[{"href":"https:\/\/ruidapacking.com\/tr\/wp-json\/wp\/v2\/media?parent=8898"}],"wp:term":[{"taxonomy":"product_categories","embeddable":true,"href":"https:\/\/ruidapacking.com\/tr\/wp-json\/wp\/v2\/product_categories?post=8898"}],"curies":[{"name":"wp","href":"https:\/\/api.w.org\/{rel}","templated":true}]}}